{"id":151,"date":"2016-02-03T16:10:53","date_gmt":"2016-02-03T21:10:53","guid":{"rendered":"http:\/\/ubwp.buffalo.edu\/tal2016\/?page_id=151"},"modified":"2016-02-03T16:10:53","modified_gmt":"2016-02-03T21:10:53","slug":"committees","status":"publish","type":"page","link":"https:\/\/ubwp.buffalo.edu\/tal2016\/committees\/","title":{"rendered":"Committees"},"content":{"rendered":"<h3>Chair of Organizing Committee<\/h3>\n<p>Christian DiCanio<\/p>\n<h3>Senior Program Committee<\/h3>\n<p>Jeffrey Malins, Jeff Good, Karin Michelson, Jeri Jaeger<\/p>\n<h3>Local Program Committee<\/h3>\n<p>Holly Keily, Karl Sarvestani, Xiaole Sun, Genevieve Franck, Yu Li<\/p>\n<h3>Program Review Committee<\/h3>\n<p>Amalia Arvaniti, Ryan Bennett, Marc Brunelle, Michael Cahill, Bruce Connell, Christian DiCanio, Cathryn Donohue, San Duanmu, Edward Flemming, Marc Garellek, Jeff Good, Christopher Green, Wentao Gu, Carlos Gussenhoven, Pierre Andr\u00e9 Hall\u00e9, David House, Larry Hyman, Jeri Jaeger, Marc Joanisse, Yuni Kim, John Kingston, James Kirby, Haruo Kubozono, Frank K\u00fcgler, Bob Ladd, Chao-Yang Lee, Seunghun Lee, Jeff Malins, Laura Mcpherson, Alexis Michaud, Karen Michelson, Peggy P.K. Mok, Scott Myers, C\u00e9dric Patin, Stephen Politzer-Ahles, Santitham Prom-On, Carolyn Quam, Karl Sarvestani, Stephanie Shih, Lan Shuai, Xin Wang, Seth Wiener, Yi Xu, Caicai Zhang<\/p>\n","protected":false},"excerpt":{"rendered":"<p>Chair of Organizing Committee Christian DiCanio Senior Program Committee Jeffrey Malins, Jeff Good, Karin Michelson, Jeri Jaeger Local Program Committee Holly Keily, Karl Sarvestani, Xiaole Sun, Genevieve Franck, Yu Li &#8230; <a title=\"Committees\" class=\"read-more\" href=\"https:\/\/ubwp.buffalo.edu\/tal2016\/committees\/\" aria-label=\"Read more about Committees\">Read more<\/a><\/p>\n","protected":false},"author":78,"featured_media":0,"parent":0,"menu_order":0,"comment_status":"closed","ping_status":"closed","template":"","meta":{"footnotes":""},"class_list":["post-151","page","type-page","status-publish"],"_links":{"self":[{"href":"https:\/\/ubwp.buffalo.edu\/tal2016\/wp-json\/wp\/v2\/pages\/151","targetHints":{"allow":["GET"]}}],"collection":[{"href":"https:\/\/ubwp.buffalo.edu\/tal2016\/wp-json\/wp\/v2\/pages"}],"about":[{"href":"https:\/\/ubwp.buffalo.edu\/tal2016\/wp-json\/wp\/v2\/types\/page"}],"author":[{"embeddable":true,"href":"https:\/\/ubwp.buffalo.edu\/tal2016\/wp-json\/wp\/v2\/users\/78"}],"replies":[{"embeddable":true,"href":"https:\/\/ubwp.buffalo.edu\/tal2016\/wp-json\/wp\/v2\/comments?post=151"}],"version-history":[{"count":1,"href":"https:\/\/ubwp.buffalo.edu\/tal2016\/wp-json\/wp\/v2\/pages\/151\/revisions"}],"predecessor-version":[{"id":152,"href":"https:\/\/ubwp.buffalo.edu\/tal2016\/wp-json\/wp\/v2\/pages\/151\/revisions\/152"}],"wp:attachment":[{"href":"https:\/\/ubwp.buffalo.edu\/tal2016\/wp-json\/wp\/v2\/media?parent=151"}],"curies":[{"name":"wp","href":"https:\/\/api.w.org\/{rel}","templated":true}]}}