{"id":12,"date":"2018-06-19T15:14:54","date_gmt":"2018-06-19T15:14:54","guid":{"rendered":"http:\/\/wpdev.acsu.buffalo.edu\/rrg2019\/?page_id=12"},"modified":"2019-09-13T16:57:24","modified_gmt":"2019-09-13T16:57:24","slug":"program","status":"publish","type":"page","link":"https:\/\/ubwp.buffalo.edu\/rrg2019\/program\/","title":{"rendered":"Program"},"content":{"rendered":"<ul>\n<li>Click the presentation title for the abstract.<\/li>\n<li>Some presentation slides, handouts, and papers are available via the [<strong>pdf<\/strong>] link under each title.<\/li>\n<li>You can also download <a href=\"https:\/\/ubwp.buffalo.edu\/rrg2019\/wp-content\/uploads\/sites\/101\/2019\/08\/RRG-2019-booklet_with_abstracts.pdf\">the conference booklet<\/a> including all abstracts.<\/li>\n<\/ul>\n\n<table id=\"tablepress-3\" class=\"tablepress tablepress-id-3\">\n<tbody class=\"row-striping row-hover\">\n<tr class=\"row-1\">\n\t<td class=\"column-1\">August 19 (Mon)<\/td><td class=\"column-2\"><\/td><td class=\"column-3\"><\/td>\n<\/tr>\n<tr class=\"row-2\">\n\t<td class=\"column-1\">9:00-9:30<\/td><td class=\"column-2\">Registration &amp; Opening<\/td><td class=\"column-3\"><\/td>\n<\/tr>\n<tr class=\"row-3\">\n\t<td class=\"column-1\">9:30-10:00<\/td><td class=\"column-2\">Maria Katarzyna Prenner<\/td><td class=\"column-3\"><a href=\"https:\/\/ubwp.buffalo.edu\/rrg2019\/wp-content\/uploads\/sites\/101\/2019\/07\/Prenner.pdf\" rel=\"noopener\" target=\"_blank\">Different degrees of agentivity in sentience verbs? On the decomposition of proto-agent features in Polish<\/a><\/td>\n<\/tr>\n<tr class=\"row-4\">\n\t<td class=\"column-1\">10:00-10:30<\/td><td class=\"column-2\">Delia Bentley<\/td><td class=\"column-3\"><a href=\"https:\/\/ubwp.buffalo.edu\/rrg2019\/wp-content\/uploads\/sites\/101\/2019\/07\/Bentley.pdf\" rel=\"noopener\" target=\"_blank\">The logical structure of verbs of quantized and non-quantized change<\/a><br \/>\n[<a href=\"https:\/\/ubwp.buffalo.edu\/rrg2019\/wp-content\/uploads\/sites\/101\/2019\/08\/Bentley.pdf\"><strong>pdf<\/strong><\/a>]<\/td>\n<\/tr>\n<tr class=\"row-5\">\n\t<td class=\"column-1\">10:30-11:00<\/td><td class=\"column-2\">Break<\/td><td class=\"column-3\"><\/td>\n<\/tr>\n<tr class=\"row-6\">\n\t<td class=\"column-1\">11:00-11:30<\/td><td class=\"column-2\">Felipe Hasler<\/td><td class=\"column-3\"><a href=\"https:\/\/ubwp.buffalo.edu\/rrg2019\/wp-content\/uploads\/sites\/101\/2019\/07\/Hasler.pdf\" rel=\"noopener\" target=\"_blank\">Clausal cosubordination in Mapudungun: Relevance of referential hierarchies for the RRG Linking Algorithm<\/a><\/td>\n<\/tr>\n<tr class=\"row-7\">\n\t<td class=\"column-1\">11:30-12:00<\/td><td class=\"column-2\">Carmen Conti<\/td><td class=\"column-3\"><a href=\"https:\/\/ubwp.buffalo.edu\/rrg2019\/wp-content\/uploads\/sites\/101\/2019\/07\/Conti.pdf\" rel=\"noopener\" target=\"_blank\">Clausal cosubordination in Spanish<\/a><\/td>\n<\/tr>\n<tr class=\"row-8\">\n\t<td class=\"column-1\">12:00-12:30<\/td><td class=\"column-2\">Hideki Kishimoto<\/td><td class=\"column-3\"><a href=\"https:\/\/ubwp.buffalo.edu\/rrg2019\/wp-content\/uploads\/sites\/101\/2019\/08\/Kishimoto-1.pdf\" rel=\"noopener\" target=\"_blank\">When intransitives behave like passive: De-causativization in Japanese<\/a><br \/>\n[<a href=\"https:\/\/ubwp.buffalo.edu\/rrg2019\/wp-content\/uploads\/sites\/101\/2019\/08\/Kishimoto.pdf\"><strong>pdf<\/strong><\/a>]<\/td>\n<\/tr>\n<tr class=\"row-9\">\n\t<td class=\"column-1\">12:30-14:00<\/td><td class=\"column-2\">Lunch<\/td><td class=\"column-3\"><\/td>\n<\/tr>\n<tr class=\"row-10\">\n\t<td class=\"column-1\">14:00-14:30<\/td><td class=\"column-2\">Christian Chiarcos, Christian F\u00e4th &amp; Monika Rind-Pawlowski<\/td><td class=\"column-3\"><a href=\"https:\/\/ubwp.buffalo.edu\/rrg2019\/wp-content\/uploads\/sites\/101\/2019\/07\/Chiarcos.pdf\" rel=\"noopener\" target=\"_blank\">Towards a Role and Reference Grammar corpus for English<\/a><\/td>\n<\/tr>\n<tr class=\"row-11\">\n\t<td class=\"column-1\">14:30-15:00<\/td><td class=\"column-2\">Tatiana Bladier, Kilian Evang, Laura Kallmeyer, Robin M\u00f6llemann &amp; Rainer Osswald<\/td><td class=\"column-3\"><a href=\"https:\/\/ubwp.buffalo.edu\/rrg2019\/wp-content\/uploads\/sites\/101\/2019\/07\/Bladier.pdf\" rel=\"noopener\" target=\"_blank\">Creating RRG treebanks through semi-automatic conversion of annotated corpora<\/a><br \/>\n[<a href=\"https:\/\/ubwp.buffalo.edu\/rrg2019\/wp-content\/uploads\/sites\/101\/2019\/08\/Bladier_et_al_RRGbank.pdf\"><strong>pdf<\/strong><\/a>]<\/td>\n<\/tr>\n<tr class=\"row-12\">\n\t<td class=\"column-1\">15:00-15:30<\/td><td class=\"column-2\">David Arps, Tatiana Bladier &amp; Laura Kallmeyer<\/td><td class=\"column-3\"><a href=\"https:\/\/ubwp.buffalo.edu\/rrg2019\/wp-content\/uploads\/sites\/101\/2019\/07\/Arps.pdf\" rel=\"noopener\" target=\"_blank\">Chart-based RRG parsing for automatically extracted and hand-crafted RRG grammars<\/a><br \/>\n[<a href=\"https:\/\/ubwp.buffalo.edu\/rrg2019\/wp-content\/uploads\/sites\/101\/2019\/08\/Arps_Bladier_RRG_Parser.pdf\"><strong>pdf<\/strong><\/a>]<\/td>\n<\/tr>\n<tr class=\"row-13\">\n\t<td class=\"column-1\">15:30-16:00<\/td><td class=\"column-2\">Break<\/td><td class=\"column-3\"><\/td>\n<\/tr>\n<tr class=\"row-14\">\n\t<td class=\"column-1\">16:00-16:30<\/td><td class=\"column-2\">Saima Hafeez <\/td><td class=\"column-3\"><a href=\"https:\/\/ubwp.buffalo.edu\/rrg2019\/wp-content\/uploads\/sites\/101\/2019\/07\/Hafeez.pdf\" rel=\"noopener\" target=\"_blank\">Neither dative nor instrumental as default in Urdu: Dative\/instrumental marked non-MR arguments as PSA<\/a><br \/>\n[<a href=\"https:\/\/ubwp.buffalo.edu\/rrg2019\/wp-content\/uploads\/sites\/101\/2019\/09\/Hafeez.pdf\"><strong>pdf<\/strong><\/a>]<\/td>\n<\/tr>\n<tr class=\"row-15\">\n\t<td class=\"column-1\">16:30-17:00<\/td><td class=\"column-2\">Kiyoko Toratani<\/td><td class=\"column-3\"><a href=\"https:\/\/ubwp.buffalo.edu\/rrg2019\/wp-content\/uploads\/sites\/101\/2019\/08\/Totatani.pdf\" rel=\"noopener\" target=\"_blank\">Syntax of Japanese dish names on restaurant menus: An emerging structure<\/a><\/td>\n<\/tr>\n<tr class=\"row-16\">\n\t<td class=\"column-1\"><strong>17:00-18:00<\/strong><\/td><td class=\"column-2\"><strong>Plenary: Daniel Everett<\/strong><\/td><td class=\"column-3\"><a href=\"https:\/\/ubwp.buffalo.edu\/rrg2019\/wp-content\/uploads\/sites\/101\/2019\/07\/Everett.pdf\" rel=\"noopener\" target=\"_blank\">Did Homo erectus use an RRG grammar?<\/a><br \/>\n[<a href=\"https:\/\/ubwp.buffalo.edu\/rrg2019\/wp-content\/uploads\/sites\/101\/2019\/08\/Everett-slides-final-compressed.pdf\"><strong>pdf<\/strong><\/a>]<\/td>\n<\/tr>\n<tr class=\"row-17\">\n\t<td class=\"column-1\">18:00-18:30<\/td><td class=\"column-2\">Reception<\/td><td class=\"column-3\"><\/td>\n<\/tr>\n<tr class=\"row-18\">\n\t<td class=\"column-1\">18:30-19:30<\/td><td class=\"column-2\">John Ball, Chief Technology Officer, Pat, Inc.<\/td><td class=\"column-3\">Introducing Pat, a natural language understanding system using RRG<\/td>\n<\/tr>\n<tr class=\"row-19\">\n\t<td class=\"column-1\"><\/td><td class=\"column-2\"><\/td><td class=\"column-3\"><\/td>\n<\/tr>\n<tr class=\"row-20\">\n\t<td class=\"column-1\">August 20 (Tue)<\/td><td class=\"column-2\"><\/td><td class=\"column-3\"><\/td>\n<\/tr>\n<tr class=\"row-21\">\n\t<td class=\"column-1\">10:00-10:30<\/td><td class=\"column-2\">Hanno Beck <\/td><td class=\"column-3\"><a href=\"https:\/\/ubwp.buffalo.edu\/rrg2019\/wp-content\/uploads\/sites\/101\/2019\/07\/Beck.pdf\" rel=\"noopener\" target=\"_blank\">Formalizing hierarchy-related generalizations in RRG: The brittle and the supple<\/a><br \/>\n[<a href=\"https:\/\/ubwp.buffalo.edu\/rrg2019\/wp-content\/uploads\/sites\/101\/2019\/08\/Beck.pdf\"><strong>pdf<\/strong><\/a>]<\/td>\n<\/tr>\n<tr class=\"row-22\">\n\t<td class=\"column-1\">10:30-11:00<\/td><td class=\"column-2\">Robert D. Van Valin, Jr.<\/td><td class=\"column-3\"><a href=\"https:\/\/ubwp.buffalo.edu\/rrg2019\/wp-content\/uploads\/sites\/101\/2019\/07\/Van_Valin.pdf\" rel=\"noopener\" target=\"_blank\">On the status of lexical categories in RRG<\/a><br \/>\n[<a href=\"https:\/\/ubwp.buffalo.edu\/rrg2019\/wp-content\/uploads\/sites\/101\/2019\/09\/Van-Valin.pdf\"><strong>pdf<\/strong><\/a>]<\/td>\n<\/tr>\n<tr class=\"row-23\">\n\t<td class=\"column-1\">11:00-11:30<\/td><td class=\"column-2\">Break <\/td><td class=\"column-3\"><\/td>\n<\/tr>\n<tr class=\"row-24\">\n\t<td class=\"column-1\">11:30-12:00<\/td><td class=\"column-2\">Nicolai Winther-Nielsen <\/td><td class=\"column-3\"><a href=\"https:\/\/ubwp.buffalo.edu\/rrg2019\/wp-content\/uploads\/sites\/101\/2019\/07\/Winther_Nielsen.pdf\" rel=\"noopener\" target=\"_blank\">A Role and Reference Grammar of Biblical Hebrew clause linkage<\/a><\/td>\n<\/tr>\n<tr class=\"row-25\">\n\t<td class=\"column-1\">12:00-12:30<\/td><td class=\"column-2\">Armando Mora-Bustos &amp; Ver\u00f3nica Fidencio N\u00fa\u00f1ez<\/td><td class=\"column-3\"><a href=\"https:\/\/ubwp.buffalo.edu\/rrg2019\/wp-content\/uploads\/sites\/101\/2019\/07\/Mora_Bustos.pdf\" rel=\"noopener\" target=\"_blank\">Operators, associated movement and subject in Mazahua (Otomanguean)<\/a><br \/>\n[<a href=\"https:\/\/ubwp.buffalo.edu\/rrg2019\/wp-content\/uploads\/sites\/101\/2019\/09\/Mora-Bustos.pdf\"><strong>pdf<\/strong><\/a>]<\/td>\n<\/tr>\n<tr class=\"row-26\">\n\t<td class=\"column-1\">12:30-14:00<\/td><td class=\"column-2\">Lunch <\/td><td class=\"column-3\"><\/td>\n<\/tr>\n<tr class=\"row-27\">\n\t<td class=\"column-1\">14:00-14:30<\/td><td class=\"column-2\">Kata Balogh<\/td><td class=\"column-3\"><a href=\"https:\/\/ubwp.buffalo.edu\/rrg2019\/wp-content\/uploads\/sites\/101\/2019\/07\/Balogh.pdf\" rel=\"noopener\" target=\"_blank\">Information-structurally driven syntactic configurations<\/a><br \/>\n[<a href=\"https:\/\/ubwp.buffalo.edu\/rrg2019\/wp-content\/uploads\/sites\/101\/2019\/09\/Balogh.pdf\"><strong>pdf<\/strong><\/a>]<\/td>\n<\/tr>\n<tr class=\"row-28\">\n\t<td class=\"column-1\">14:30-15:00<\/td><td class=\"column-2\">Mitsuaki Shimojo <\/td><td class=\"column-3\"><a href=\"https:\/\/ubwp.buffalo.edu\/rrg2019\/wp-content\/uploads\/sites\/101\/2019\/07\/Shimojo.pdf\" rel=\"noopener\" target=\"_blank\">On the interactions with pragmatics in Role and Reference Grammar<\/a><br \/>\n[<a href=\"https:\/\/ubwp.buffalo.edu\/rrg2019\/wp-content\/uploads\/sites\/101\/2019\/08\/Shimojo.pdf\"><strong>pdf<\/strong><\/a>]<\/td>\n<\/tr>\n<tr class=\"row-29\">\n\t<td class=\"column-1\">15:00-15:30<\/td><td class=\"column-2\">Anja Latrouite &amp; Robert D. Van Valin, Jr.<\/td><td class=\"column-3\"><a href=\"https:\/\/ubwp.buffalo.edu\/rrg2019\/wp-content\/uploads\/sites\/101\/2019\/07\/Latrouite.pdf\" rel=\"noopener\" target=\"_blank\">Degrees of discourse configurationality and beyond<\/a><br \/>\n[<a href=\"https:\/\/ubwp.buffalo.edu\/rrg2019\/wp-content\/uploads\/sites\/101\/2019\/09\/Latrouite_VanValin.pdf\"><strong>pdf<\/strong><\/a>]<\/td>\n<\/tr>\n<tr class=\"row-30\">\n\t<td class=\"column-1\">15:30-16:00<\/td><td class=\"column-2\">Break <\/td><td class=\"column-3\"><\/td>\n<\/tr>\n<tr class=\"row-31\">\n\t<td class=\"column-1\">16:00-16:30<\/td><td class=\"column-2\">Sergio Ib\u00e1\u00f1ez Cerda<\/td><td class=\"column-3\"><a href=\"https:\/\/ubwp.buffalo.edu\/rrg2019\/wp-content\/uploads\/sites\/101\/2019\/07\/Iba\u0301n\u0303ez.pdf\" rel=\"noopener\" target=\"_blank\">Intraclausal complexity in Spanish: The case of depictive constructions<\/a><br \/>\n[<a href=\"https:\/\/ubwp.buffalo.edu\/rrg2019\/wp-content\/uploads\/sites\/101\/2019\/09\/Iba\u0301n\u0303ez-Cerda.pdf\"><strong>pdf<\/strong><\/a>]<\/td>\n<\/tr>\n<tr class=\"row-32\">\n\t<td class=\"column-1\">16:30-17:00<\/td><td class=\"column-2\">Erika Bellingham, Pia J\u00e4rnefelt, Kazuhiro Kawachi, Yu Li, Alice Mitchell, Guillermo Montero Melis, Sang-Hee Park, Anastasia Stepanova, Emanuel Bylund &amp; J\u00fcrgen Bohnemeyer<\/td><td class=\"column-3\"><a href=\"https:\/\/ubwp.buffalo.edu\/rrg2019\/wp-content\/uploads\/sites\/101\/2019\/07\/Bellingham_et_al.pdf\" rel=\"noopener\" target=\"_blank\">Modeling causative complexity across languages with the Interclausal Relations Hierarchy<\/a><br \/>\n[<a href=\"https:\/\/ubwp.buffalo.edu\/rrg2019\/wp-content\/uploads\/sites\/101\/2019\/09\/Bellinghametal_p1.pdf\"><strong>pdf part-1<\/strong><\/a>]<br \/>\n[<strong><a href=\"https:\/\/ubwp.buffalo.edu\/rrg2019\/wp-content\/uploads\/sites\/101\/2019\/09\/Bellinghametal_p2.pdf\">pdf part-2<\/a><\/strong>]<\/td>\n<\/tr>\n<tr class=\"row-33\">\n\t<td class=\"column-1\"><strong>17:00-18:00<\/strong><\/td><td class=\"column-2\"><strong>Plenary: Wataru Nakamura<\/strong><\/td><td class=\"column-3\"><a href=\"https:\/\/ubwp.buffalo.edu\/rrg2019\/wp-content\/uploads\/sites\/101\/2019\/07\/Nakamura.pdf\" rel=\"noopener\" target=\"_blank\">Two ways of \u201cundoing\u201d the linking process: Impersonal constructions in Russian and beyond<\/a><\/td>\n<\/tr>\n<tr class=\"row-34\">\n\t<td class=\"column-1\">19:00-21:00<\/td><td class=\"column-2\">Conference dinner<\/td><td class=\"column-3\"><\/td>\n<\/tr>\n<tr class=\"row-35\">\n\t<td class=\"column-1\"><\/td><td class=\"column-2\"><\/td><td class=\"column-3\"><\/td>\n<\/tr>\n<tr class=\"row-36\">\n\t<td class=\"column-1\">August 21 (Wed)<\/td><td class=\"column-2\"><\/td><td class=\"column-3\"><\/td>\n<\/tr>\n<tr class=\"row-37\">\n\t<td class=\"column-1\">10:00-10:30<\/td><td class=\"column-2\">Christian Canu H\u00f8jgaard <\/td><td class=\"column-3\"><a href=\"https:\/\/ubwp.buffalo.edu\/rrg2019\/wp-content\/uploads\/sites\/101\/2019\/07\/Canu_H\u00f8jgaard.pdf\" rel=\"noopener\" target=\"_blank\">Agency and lexical decomposition of Biblical Hebrew verbs<\/a><br \/>\n[<a href=\"https:\/\/ubwp.buffalo.edu\/rrg2019\/wp-content\/uploads\/sites\/101\/2019\/08\/Canu-H\u00f8jgaard-slides.pdf\"><strong>slides pdf<\/strong><\/a>]<br \/>\n[<a href=\"https:\/\/ubwp.buffalo.edu\/rrg2019\/wp-content\/uploads\/sites\/101\/2019\/08\/Canu-H\u00f8jgaard-paper.pdf\"><strong>paper pdf<\/strong><\/a>]<\/td>\n<\/tr>\n<tr class=\"row-38\">\n\t<td class=\"column-1\">10:30-11:00<\/td><td class=\"column-2\">Lili\u00e1n Guerrero &amp; Valeria Belloro<\/td><td class=\"column-3\"><a href=\"https:\/\/ubwp.buffalo.edu\/rrg2019\/wp-content\/uploads\/sites\/101\/2019\/07\/Guerrero.pdf\" rel=\"noopener\" target=\"_blank\">Double locatives: The case of external possession in Yaqui<\/a><br \/>\n[<a href=\"https:\/\/ubwp.buffalo.edu\/rrg2019\/wp-content\/uploads\/sites\/101\/2019\/09\/Guerrero_Belloro.pdf\"><strong>pdf<\/strong><\/a>]<\/td>\n<\/tr>\n<tr class=\"row-39\">\n\t<td class=\"column-1\">11:00-11:30<\/td><td class=\"column-2\">Break<\/td><td class=\"column-3\"><\/td>\n<\/tr>\n<tr class=\"row-40\">\n\t<td class=\"column-1\">11:30-12:00<\/td><td class=\"column-2\">Yoko Hasegawa<\/td><td class=\"column-3\"><a href=\"https:\/\/ubwp.buffalo.edu\/rrg2019\/wp-content\/uploads\/sites\/101\/2019\/07\/Hasegawa.pdf\" rel=\"noopener\" target=\"_blank\">A Study of the annotative dual-sentence juxtaposition construction in Japanese<\/a><br \/>\n[<a href=\"https:\/\/ubwp.buffalo.edu\/rrg2019\/wp-content\/uploads\/sites\/101\/2019\/08\/Hasegawa.pdf\"><strong>pdf<\/strong><\/a>]<\/td>\n<\/tr>\n<tr class=\"row-41\">\n\t<td class=\"column-1\">12:00-12:30<\/td><td class=\"column-2\">Erika Bellingham<\/td><td class=\"column-3\"><a href=\"https:\/\/ubwp.buffalo.edu\/rrg2019\/wp-content\/uploads\/sites\/101\/2019\/07\/Bellingham.pdf\" rel=\"noopener\" target=\"_blank\">Event integration in the English by-Ving (MEANS) construction: An RRG analysis<\/a><br \/>\n[<a href=\"https:\/\/ubwp.buffalo.edu\/rrg2019\/wp-content\/uploads\/sites\/101\/2019\/09\/Bellingham.pdf\"><strong>pdf<\/strong><\/a>]<\/td>\n<\/tr>\n<tr class=\"row-42\">\n\t<td class=\"column-1\">12:30-14:00<\/td><td class=\"column-2\">Lunch<\/td><td class=\"column-3\"><\/td>\n<\/tr>\n<tr class=\"row-43\">\n\t<td class=\"column-1\">14:00-14:30<\/td><td class=\"column-2\">Irene Murtagh <\/td><td class=\"column-3\"><a href=\"https:\/\/ubwp.buffalo.edu\/rrg2019\/wp-content\/uploads\/sites\/101\/2019\/07\/Murtagh.pdf\" rel=\"noopener\" target=\"_blank\">Accommodating Irish Sign Language in an extended Role and Reference Grammar lexicon architecture<\/a><br \/>\n[<a href=\"https:\/\/ubwp.buffalo.edu\/rrg2019\/wp-content\/uploads\/sites\/101\/2019\/09\/Murtagh.pdf\"><strong>pdf<\/strong><\/a>]<\/td>\n<\/tr>\n<tr class=\"row-44\">\n\t<td class=\"column-1\">14:30-15:00<\/td><td class=\"column-2\">Felipe Hasler, Carlos Gonz\u00e1lez, Silvana Guerrero, Mat\u00edas Jaque &amp; Ver\u00f3nica Orqueda<\/td><td class=\"column-3\"><a href=\"https:\/\/ubwp.buffalo.edu\/rrg2019\/wp-content\/uploads\/sites\/101\/2019\/07\/Hasler_et_al.pdf\" rel=\"noopener\" target=\"_blank\">Relevance of the meaning of operators in determining the basic meaning of a construction: The case of agarr\u00f3 y se fue in Spanish<\/a><\/td>\n<\/tr>\n<tr class=\"row-45\">\n\t<td class=\"column-1\">15:00-15:30<\/td><td class=\"column-2\">Kiyono Fujinaga<\/td><td class=\"column-3\"><a href=\"https:\/\/ubwp.buffalo.edu\/rrg2019\/wp-content\/uploads\/sites\/101\/2019\/07\/Fujinaga.pdf\" rel=\"noopener\" target=\"_blank\">The analysis of Japanese benefactive constructions in RRG<\/a><\/td>\n<\/tr>\n<tr class=\"row-46\">\n\t<td class=\"column-1\">15:30-16:00<\/td><td class=\"column-2\">Break<\/td><td class=\"column-3\"><\/td>\n<\/tr>\n<tr class=\"row-47\">\n\t<td class=\"column-1\">16:00-16:30<\/td><td class=\"column-2\">Eibhl\u00edn N\u00ed Fhallamh\u00e1in <\/td><td class=\"column-3\"><a href=\"https:\/\/ubwp.buffalo.edu\/rrg2019\/wp-content\/uploads\/sites\/101\/2019\/07\/Ni_Fhallamhain.pdf\" rel=\"noopener\" target=\"_blank\">The Genitive Case in Irish: A functionalist account of complex multifunctional syntax<\/a><\/td>\n<\/tr>\n<tr class=\"row-48\">\n\t<td class=\"column-1\">16:30-17:00<\/td><td class=\"column-2\">Valeria Generalova<\/td><td class=\"column-3\"><a href=\"https:\/\/ubwp.buffalo.edu\/rrg2019\/wp-content\/uploads\/sites\/101\/2019\/07\/Generalova.pdf\" rel=\"noopener\" target=\"_blank\">Integrating head-marking and dependent-marking properties: An RRG analysis of Halkomelem ditransitive constructions<\/a><br \/>\n[<a href=\"https:\/\/ubwp.buffalo.edu\/rrg2019\/wp-content\/uploads\/sites\/101\/2019\/08\/Generalova.pdf\"><strong>pdf<\/strong><\/a>]<\/td>\n<\/tr>\n<tr class=\"row-49\">\n\t<td class=\"column-1\"><strong>17:00-18:00<\/strong><\/td><td class=\"column-2\"><strong>Plenary: J\u00fcrgen Bohnemeyer<\/strong><\/td><td class=\"column-3\"><a href=\"https:\/\/ubwp.buffalo.edu\/rrg2019\/wp-content\/uploads\/sites\/101\/2019\/07\/Bohnemeyer.pdf\" rel=\"noopener\" target=\"_blank\">Operator, information: Revisiting the operator projection in RRG, with special emphasis on tense, aspect, and finiteness<\/a><br \/>\n[<a href=\"https:\/\/ubwp.buffalo.edu\/rrg2019\/wp-content\/uploads\/sites\/101\/2019\/08\/Bohnemeyer.1.pdf\"><strong>pdf part-1<\/strong><\/a>] <br \/>\n[<a href=\"https:\/\/ubwp.buffalo.edu\/rrg2019\/wp-content\/uploads\/sites\/101\/2019\/08\/Bohnemeyer.2.pdf\"><strong>pdf part-2<\/strong><\/a>]<\/td>\n<\/tr>\n<tr class=\"row-50\">\n\t<td class=\"column-1\">18:00-18:10<\/td><td class=\"column-2\">Closing<\/td><td class=\"column-3\"><\/td>\n<\/tr>\n<\/tbody>\n<\/table>\n<!-- #tablepress-3 from cache -->\n","protected":false},"excerpt":{"rendered":"<p>Click the presentation title for the abstract. Some presentation slides, handouts, and papers are available via the [pdf] link under each title. You can also download the conference booklet including &hellip; <\/p>\n<p class=\"link-more\"><a href=\"https:\/\/ubwp.buffalo.edu\/rrg2019\/program\/\" class=\"more-link\">Continue reading<span class=\"screen-reader-text\"> &#8220;Program&#8221;<\/span><\/a><\/p>\n","protected":false},"author":293,"featured_media":0,"parent":0,"menu_order":0,"comment_status":"closed","ping_status":"closed","template":"","meta":{"footnotes":""},"class_list":["post-12","page","type-page","status-publish","hentry"],"_links":{"self":[{"href":"https:\/\/ubwp.buffalo.edu\/rrg2019\/wp-json\/wp\/v2\/pages\/12","targetHints":{"allow":["GET"]}}],"collection":[{"href":"https:\/\/ubwp.buffalo.edu\/rrg2019\/wp-json\/wp\/v2\/pages"}],"about":[{"href":"https:\/\/ubwp.buffalo.edu\/rrg2019\/wp-json\/wp\/v2\/types\/page"}],"author":[{"embeddable":true,"href":"https:\/\/ubwp.buffalo.edu\/rrg2019\/wp-json\/wp\/v2\/users\/293"}],"replies":[{"embeddable":true,"href":"https:\/\/ubwp.buffalo.edu\/rrg2019\/wp-json\/wp\/v2\/comments?post=12"}],"version-history":[{"count":10,"href":"https:\/\/ubwp.buffalo.edu\/rrg2019\/wp-json\/wp\/v2\/pages\/12\/revisions"}],"predecessor-version":[{"id":348,"href":"https:\/\/ubwp.buffalo.edu\/rrg2019\/wp-json\/wp\/v2\/pages\/12\/revisions\/348"}],"wp:attachment":[{"href":"https:\/\/ubwp.buffalo.edu\/rrg2019\/wp-json\/wp\/v2\/media?parent=12"}],"curies":[{"name":"wp","href":"https:\/\/api.w.org\/{rel}","templated":true}]}}