{"id":16,"date":"2022-06-20T16:39:42","date_gmt":"2022-06-20T16:39:42","guid":{"rendered":"https:\/\/wpdev.acsu.buffalo.edu\/lpclab\/?page_id=16"},"modified":"2025-04-25T21:51:20","modified_gmt":"2025-04-25T21:51:20","slug":"lab-members","status":"publish","type":"page","link":"https:\/\/ubwp.buffalo.edu\/lpclab\/lab-members\/","title":{"rendered":"Lab Members"},"content":{"rendered":"\n<p>If you have any questions or if you are interested in joining the lab, please contact Andr\u00e9s Bux\u00f3-Lugo at <a href=\"mailto:buxolugo@buffalo.edu\">buxolugo@buffalo.edu<\/a>.<\/p>\n\n\n<div class=\"wp-block-image\">\n<figure class=\"aligncenter size-large\"><img loading=\"lazy\" decoding=\"async\" width=\"1024\" height=\"511\" src=\"https:\/\/ubwp.buffalo.edu\/lpclab\/wp-content\/uploads\/sites\/188\/2025\/04\/IMG_4052-scaled-e1745190330564-1024x511.jpg\" alt=\"Six members of the lab\" class=\"wp-image-81\" srcset=\"https:\/\/ubwp.buffalo.edu\/lpclab\/wp-content\/uploads\/sites\/188\/2025\/04\/IMG_4052-scaled-e1745190330564-1024x511.jpg 1024w, https:\/\/ubwp.buffalo.edu\/lpclab\/wp-content\/uploads\/sites\/188\/2025\/04\/IMG_4052-scaled-e1745190330564-300x150.jpg 300w, https:\/\/ubwp.buffalo.edu\/lpclab\/wp-content\/uploads\/sites\/188\/2025\/04\/IMG_4052-scaled-e1745190330564-768x383.jpg 768w, https:\/\/ubwp.buffalo.edu\/lpclab\/wp-content\/uploads\/sites\/188\/2025\/04\/IMG_4052-scaled-e1745190330564-1536x766.jpg 1536w, https:\/\/ubwp.buffalo.edu\/lpclab\/wp-content\/uploads\/sites\/188\/2025\/04\/IMG_4052-scaled-e1745190330564-2048x1021.jpg 2048w\" sizes=\"auto, (max-width: 1024px) 100vw, 1024px\" \/><figcaption class=\"wp-element-caption\">Jun Luong, Maanya Misra, Sarah MacDougall, Andr\u00e9s Bux\u00f3-Lugo, Raionna Nickens, and Marzieh Samimifar.<\/figcaption><\/figure><\/div>\n\n\n<h3 class=\"wp-block-heading\">Principal Investigator<\/h3>\n\n\n\n<h4 class=\"wp-block-heading\">Andr\u00e9s Bux\u00f3-Lugo<\/h4>\n\n\n\n<p>Andr\u00e9s (he\/him) is an Assistant Professor in the department of Psychology at the University at Buffalo. He is interested in the cognitive processes that allow us to produce, comprehend, and learn language. His research focuses on how different levels of linguistic representation combine to form a message.<\/p>\n\n\n\n<h3 class=\"wp-block-heading\">Graduate Students<\/h3>\n\n\n\n<h4 class=\"wp-block-heading\">Sarah MacDougall<\/h4>\n\n\n\n<p>Sarah joined the psychology department in fall 2024 after finishing her master\u2019s degree in linguistics (also at UB). Her interests include semantic categorization, language perception (and production, and propagation), and generally anything involving language and cognition. When not antagonizing her advisor, Sarah enjoys playing and watching live music, skateboarding, doing crafty things, improving at MarioKart, and following baseball (sometimes). She welcomes any music recommendations that would interrupt her ten-year streak of playing the same playlists over and over again.&nbsp;<\/p>\n\n\n\n<h4 class=\"wp-block-heading\">Marzieh Samimifar<\/h4>\n\n\n\n<p>Marzieh is a PhD student in Cognitive Psychology and Psycholinguistics at the University at Buffalo. She is interested in bilingualism and language development and the processes involved in speech perception in general. Currently, her research focuses on word recognition in adults and toddlers under varying noise conditions.<\/p>\n\n\n\n<h3 class=\"wp-block-heading\">Undergraduate Honors Students<\/h3>\n\n\n\n<ul class=\"wp-block-list\">\n<li>Matthew Proy<\/li>\n<\/ul>\n\n\n\n<h3 class=\"wp-block-heading\">Undergraduate Research Assistants<\/h3>\n\n\n\n<ul class=\"wp-block-list\">\n<li>Raionna Nickens<\/li>\n\n\n\n<li>Jun Luong<\/li>\n\n\n\n<li>Maanya Misra<\/li>\n\n\n\n<li>Cate Archibald<\/li>\n<\/ul>\n\n\n\n<h3 class=\"wp-block-heading\">Collaborators<\/h3>\n\n\n\n<ul class=\"wp-block-list\">\n<li>Cass Jacobs (Linguistics)<\/li>\n<\/ul>\n\n\n\n<h3 class=\"wp-block-heading\">Lab Alumni<\/h3>\n\n\n\n<ul class=\"wp-block-list\">\n<li>Victoria Travis<\/li>\n\n\n\n<li>Joey Favara<\/li>\n\n\n\n<li>Ryan James<\/li>\n\n\n\n<li>Noor Al-Khaouli<\/li>\n\n\n\n<li>Dalila Dub\u00f3n<\/li>\n\n\n\n<li>Siman Lin<\/li>\n\n\n\n<li>Sulata Goswami<\/li>\n\n\n\n<li>Gianina Persichini<\/li>\n\n\n\n<li>Lihui De<\/li>\n<\/ul>\n","protected":false},"excerpt":{"rendered":"<p>If you have any questions or if you are interested in joining the lab, please contact Andr\u00e9s Bux\u00f3-Lugo at buxolugo@buffalo.edu. Principal Investigator Andr\u00e9s Bux\u00f3-Lugo Andr\u00e9s (he\/him) is an Assistant Professor &#8230; <a title=\"Lab Members\" class=\"read-more\" href=\"https:\/\/ubwp.buffalo.edu\/lpclab\/lab-members\/\" aria-label=\"Read more about Lab Members\">Read more<\/a><\/p>\n","protected":false},"author":512,"featured_media":0,"parent":0,"menu_order":0,"comment_status":"closed","ping_status":"closed","template":"","meta":{"footnotes":""},"class_list":["post-16","page","type-page","status-publish"],"_links":{"self":[{"href":"https:\/\/ubwp.buffalo.edu\/lpclab\/wp-json\/wp\/v2\/pages\/16","targetHints":{"allow":["GET"]}}],"collection":[{"href":"https:\/\/ubwp.buffalo.edu\/lpclab\/wp-json\/wp\/v2\/pages"}],"about":[{"href":"https:\/\/ubwp.buffalo.edu\/lpclab\/wp-json\/wp\/v2\/types\/page"}],"author":[{"embeddable":true,"href":"https:\/\/ubwp.buffalo.edu\/lpclab\/wp-json\/wp\/v2\/users\/512"}],"replies":[{"embeddable":true,"href":"https:\/\/ubwp.buffalo.edu\/lpclab\/wp-json\/wp\/v2\/comments?post=16"}],"version-history":[{"count":5,"href":"https:\/\/ubwp.buffalo.edu\/lpclab\/wp-json\/wp\/v2\/pages\/16\/revisions"}],"predecessor-version":[{"id":92,"href":"https:\/\/ubwp.buffalo.edu\/lpclab\/wp-json\/wp\/v2\/pages\/16\/revisions\/92"}],"wp:attachment":[{"href":"https:\/\/ubwp.buffalo.edu\/lpclab\/wp-json\/wp\/v2\/media?parent=16"}],"curies":[{"name":"wp","href":"https:\/\/api.w.org\/{rel}","templated":true}]}}