{"id":26,"date":"2023-01-25T20:19:05","date_gmt":"2023-01-25T20:19:05","guid":{"rendered":"https:\/\/wpdev.acsu.buffalo.edu\/ldejesuslab\/?page_id=26"},"modified":"2025-11-04T20:50:43","modified_gmt":"2025-11-04T20:50:43","slug":"publications","status":"publish","type":"page","link":"https:\/\/ubwp.buffalo.edu\/ldejesuslab\/publications\/","title":{"rendered":"Publications"},"content":{"rendered":"\n<h2 class=\"wp-block-heading\">With UB<\/h2>\n\n\n\n<ol reversed start=\"24\" class=\"wp-block-list\">\n<li>Sharma, J.; Kolpack, T.J.; P\u00e9rez Col\u00f3n, K.;&nbsp;&nbsp;Janpandit, M.; Li, Y. C.,&nbsp;<strong>De Jes\u00fas B\u00e1ez, L. R.*<\/strong>; On the Crystal Growth of Vanadyl Hydroxide (VOOH) with Six-Fold Arms Morphology,&nbsp;<em>Nanoscale,&nbsp;<\/em><strong>2025<\/strong>, DOI:&nbsp;10.1039\/D5NR02771C <a href=\"https:\/\/pubs.rsc.org\/en\/Content\/ArticleLanding\/2025\/NR\/D5NR02771C#!divAbstract\">article link<\/a><\/li>\n\n\n\n<li>Otero, K.; Armstrong, C.; Moreno-Piza, O. J.; Hollis, E.; Scalia, J. C.;&nbsp;<strong>De Jes\u00fas B\u00e1ez, L.&nbsp;R<\/strong>.; Holewinski, A.; Hern\u00e1ndez-Pag\u00e1n, E. A.; Synthesis of Solid-Solution Mn<sub>x<\/sub>Zn<sub>1\u2013x<\/sub>O Nanoparticles and their Electrochemical Oxidation of Furfural;&nbsp;<em>Inorganic Chemistry,<\/em><strong>2025<\/strong>,&nbsp;64 (34), 17603\u201317613 <a href=\"https:\/\/pubs.acs.org\/doi\/10.1021\/acs.inorgchem.5c03683\">article link<\/a><\/li>\n\n\n\n<li>Rajan, Revathy, Scalia, J. C.,&nbsp;<strong>De Jes\u00fas B\u00e1ez, L. R.<\/strong>, Knowles, K.E.;&nbsp;Ligand-Dependent Optical Properties of Colloidal Ternary Spinel Oxide Nanocrystals Containing Transition Metals;&nbsp;<em>Inorganic Chemistry,&nbsp;<\/em><strong>2025<\/strong>,&nbsp;64&nbsp;(29), 15152-15164 <a href=\"https:\/\/pubs.acs.org\/doi\/10.1021\/acs.inorgchem.5c02179\">article link<\/a><\/li>\n\n\n\n<li><strong>De Jes\u00fas B\u00e1ez, L. R.<\/strong>*; Rosas, A. S.; Mahale, P.; and Mallouk, T. E.* A chelation-based route to layered transition metal carbides (MXenes), <em>ACS Omega<\/em>,&nbsp;<strong>2023<\/strong>. (*corresponding author) <a href=\"https:\/\/pubs.acs.org\/doi\/abs\/10.1021\/acsomega.3c07442\" target=\"_blank\" rel=\"noreferrer noopener\">article link<\/a><\/li>\n<\/ol>\n\n\n\n<h2 class=\"wp-block-heading\">With Previous Institutions<\/h2>\n\n\n\n<h5 class=\"wp-block-heading\">As first author<\/h5>\n\n\n\n<ol reversed start=\"20\" class=\"wp-block-list\">\n<li><strong>De Jesus, L. R.<\/strong>, A Puerto Rican Chemist with Coffee,&nbsp;<em>Pure and Applied Chemistry<\/em>,&nbsp;<strong>2020<\/strong>, 92, 12, 2015-2018<em>.&nbsp;<\/em>(Invited manuscript for the 2020 Diamond Jubilee Issue)<\/li>\n\n\n\n<li><strong>De Jesus, L. R.<\/strong>; Andrews, J. L.; Parija, A.; and Banerjee, S. Defining Diffusion Pathways in Intercalation Cathode Materials: Some Lessons from V2O5&nbsp;on Directing Cation Traffic,&nbsp;<em>ACS Energy Letters<\/em>,&nbsp;<strong>2018<\/strong>, 3, 915-931.<\/li>\n\n\n\n<li><strong>De Jesus, L. R.<\/strong>; Stein, P.; Andrews, J. L.; Luo, Y.; Xu, B.-X.; and Banerjee, S. Striping Modulations and Strain Gradients within Individual Particles of a Cathode Material upon Lithiation,&nbsp;<em>Materials Horizons&nbsp;<\/em><strong>2018<\/strong>, 5, 486-498.<\/li>\n\n\n\n<li><strong>De Jesus, L. R.<\/strong>; Zhao, Y.; Horrocks, G. A.; Andrews, J. L.; Stein, P.; Xu, B.-X.; and Banerjee, S. Lithiation across Interconnected V2O5&nbsp;Nanoparticle Networks,&nbsp;<em>Journal of Materials Chemistry A.&nbsp;<\/em><strong>2017<\/strong>, 5, 20141-20152. (selected as cover; Royal Society of Chemistry&nbsp;\u201cHot Paper\u201d) <\/li>\n\n\n\n<li>Andrews, J. L.*;&nbsp;<strong>De Jesus, L. R.*<\/strong>; Tolhurst, T. M.*; Marley, P. M.; Moewes, A.; and Banerjee, S. Intercalation-Induced Exfoliation and Thickness-Modulated Electronic Structure of a Layered Ternary Vanadium Oxide,&nbsp;<em>Chemistry of Materials&nbsp;<\/em><strong>2017<\/strong>, 29, 3285\u2013&nbsp;3294. (*Joint first-author)<\/li>\n\n\n\n<li><strong>De Jesus, L. R.<\/strong>; Horrocks, G. A.; Liang, Y.; Parija, A.; Jaye, C.; Wangoh, L.; Wang, J.; Fischer, D. A.; Piper, L. F. J.; Prendergast, D.; and Banerjee, S. Mapping Polaronic States and Lithiation Gradients in Individual V2O5&nbsp;Nanowires,&nbsp;<em>Nature Communications&nbsp;<\/em><strong>2016<\/strong>, 7:12022, 1-9 (as highlighted in&nbsp;Cantech Letter,&nbsp;SingularityHub,&nbsp;Department of Energy, and&nbsp;Bryan\/College Station The Eagle)<\/li>\n\n\n\n<li><strong>De Jesus<\/strong>,&nbsp;<strong>L. R.<\/strong>; Dennis, R. V.; Depner, S. W.; Jaye, C.; Fisher, D. A.; and Banerjee, S. Inside and Outside: X-ray Absorption Spectroscopy Mapping of Chemical Domains in Graphene Oxide,&nbsp;<em>Journal of Physical Chemistry Letters&nbsp;<\/em><strong>2013<\/strong>, 4, 3144-3151<\/li>\n<\/ol>\n\n\n\n<h5 class=\"wp-block-heading\">As co-author<\/h5>\n\n\n\n<ol reversed start=\"13\" class=\"wp-block-list\">\n<li>Andrews, J. L.; Stein, P.; Santos, D. A.; Chalker, C. J.;&nbsp;<strong>De Jesus, L. R.<\/strong>; Davidson, R. D.; Gross, M. A.; Pharr, M.; Batteas, J. D.; Xu, B.-X.; Banerjee, S. Curvature-Induced Modification of Mechano-Electrochemical Coupling and Nucleation Kinetics in a Cathode Material,&nbsp;<em>Matter<\/em>,&nbsp;<strong>2020<\/strong>, 3, 1754-1773<\/li>\n\n\n\n<li>Mahale, P.; Moradifar, P.; Cheng, H. Y; Nova, N.; Grede, A.; Lee, B.;&nbsp;<strong>De Jesus L. R.<\/strong>; Wetherington, M.; Giebink, N.; Badding, J.; Alem, N.; and Mallouk, T. E. An Oxide-Free 3- Dimensional Germanium\/Silicon Core-Shell Metalattice Made by High Pressure Confined Chemical Vapor Deposition,&nbsp;<em>ACS Nano<\/em>,&nbsp;<strong>2020<\/strong>, 14, 10, 12810\u201312818<\/li>\n\n\n\n<li>Sellers, D. G.; Braham, E. J.; Villareal, R.; Zhang, B.; Parija, A.; Brown, T. D.; Alivio, T. E. G.; Clarke, H.;\u00a0<strong>De Jesus, L. R.<\/strong>; Zuin, L.; Prendergast, D.; Qian, X.; Arroyave, R.; Shamberger, P. J.; and Banerjee, S. Atomic Hourglass and Thermometer Based on Diffusion of a Mobile Dopant in VO2.\u00a0<em>Journal of the American Chemical Society<\/em>,\u00a0<strong>2020<\/strong>, 142, 36, 15513\u201315526<\/li>\n\n\n\n<li>Luo, Y.;&nbsp;<strong>De Jesus, L. R<\/strong>.; Andrews, J. L.; Parija, A.; Fleer, N.; Robles, D. J.; Mukherjee, P. P.; and Banerjee, S. Roadblocks in Cation Diffusion Pathways: Implications of Phase Boundaries for Li-Ion Diffusivity in an Intercalation Cathode Material.&nbsp;<em>ACS Applied Materials Interfaces&nbsp;<\/em><strong>2018<\/strong>, 10, 30901\u201330911.<\/li>\n\n\n\n<li>Parija, A.; Choi, Y. -H.; Liu, Z.; Andrews, J. L.;&nbsp;<strong>De Jesus, L. R.;&nbsp;<\/strong>Fakra, S. C.; Al-Hashimi, M.; Batteas, J. D.; Prendergast, D.; and Banerjee, S., Mapping Catalytically Relevant Edge Electronic States of MoS2,&nbsp;<em>ACS Central Science,&nbsp;<\/em><strong>2018<\/strong>, 4, 493-503 (selected as cover)<\/li>\n\n\n\n<li>Horrocks, G. A.; Parija, A.;&nbsp;<strong>De Jesus, L. R.<\/strong>; Wangoh, L.; Sallis, S.; Luo, Y.; Andrews, J. L.; Jude, J.; Jaye, C.; Fischer, D. A.; Prendergast, D.; Piper, L. F. J.; and Banerjee, S., Mitigating Cation Diffusion Limitations and Intercalation-Induced Framework Transitions in a 1D Tunnel-Structured Polymorph of V2O5,&nbsp;<em>Chemistry of Materials<\/em>,&nbsp;<strong>2017<\/strong>, 29, 10386-10397<\/li>\n\n\n\n<li>Zhao, Y.;&nbsp;<strong>De Jesus, L. R<\/strong>.; Stein, P.; Horrocks, G. A.; Banerjee, S.; and Xu, B.-X. Modeling of Phase Separation across Interconnected Electrode Particles in Lithium-Ion Batteries,&nbsp;<em>RSC Advances&nbsp;<\/em><strong>2017<\/strong>, 7, 41254\u201341264.<\/li>\n\n\n\n<li>Horrocks, G. A.;&nbsp;<strong>De Jesus, L. R.<\/strong>; Andrews, J. L.; and Banerjee, S. X-ray Spectroscopy and Imaging as Multiscale Probes of Intercalation Phenomena in Cathode Materials,&nbsp;<em>JOM: The Journal of The Minerals, Metals &amp; Materials Society&nbsp;<\/em><strong>2017<\/strong>, 69, 1469\u20131477.<\/li>\n\n\n\n<li>Horrocks, G. A.; Braham, E. J.; Liang, Y.;&nbsp;<strong>De Jesus, L. R.<\/strong>; Jude, J.; Vel\u00e1zquez, J. M.; Prendergast, D.; and Banerjee, S. Vanadium K-Edge X-Ray Absorption Spectroscopy as a Probe of the Heterogeneous Lithiation of V2O5: First-Principles Modeling and Principal Component Analysis,&nbsp;<em>Journal of Physical Chemistry C&nbsp;<\/em><strong>2016<\/strong>, 120, 23922\u201323932.<\/li>\n\n\n\n<li>Cho, J.; Choi, Y. -H.; O\u2019Loughlin, T. E.;&nbsp;<strong>De Jesus, L.<\/strong>; and Banerjee, S. Ligand-Mediated Modulation of Layer Thicknesses of Perovskite Methylammonium Lead Bromide Nanoplatelets,&nbsp;<em>Chemistry of Materials&nbsp;<\/em><strong>2016<\/strong>, 28, 6909\u20136916.<\/li>\n\n\n\n<li>Liu, Z.;&nbsp;<strong>De Jesus, L. R.<\/strong>; Banerjee, S.; and Mukherjee, P. P. Mechanistic Evaluation of Li<em>x<\/em>O<em>y&nbsp;<\/em>Formation on \u03b4-MnO2&nbsp;in Nonaqueous Li\u2013Air Batteries,&nbsp;<em>ACS Applied Materials Interfaces&nbsp;<\/em><strong>2016<\/strong>, 8, 23028-23036.<\/li>\n\n\n\n<li>Parija, A.; Liang, Y.; Andrews, J. L.;&nbsp;<strong>De Jesus, L. R<\/strong>.; Prendergast, D.; and Banerjee, S. Topochemically De-Intercalated Phases of V2O5&nbsp;as Cathode Materials for Multivalent Intercalation Batteries: A First-Principles Evaluation,&nbsp;<em>Chemistry of Materials&nbsp;<\/em><strong>2016<\/strong>, 28, 5611\u2013&nbsp;5620.<\/li>\n\n\n\n<li>Alivio, T. E. G.;&nbsp;<strong>De Jesus, L. R.<\/strong>; Dennis, R. V.; Jia, Y.; Jaye, C.; Fischer, D. A.; Singisetti, U.; Banerjee, S. Atomic Layer Deposition of Hafnium (IV) Oxide on Graphene Oxide: Probing Interfacial Chemistry and Nucleation by using X-ray Absorption and Photoelectron Spectroscopies,&nbsp;<em>ChemPhysChem&nbsp;<\/em><strong>2015<\/strong>, 16 (13), 2842\u20132848.<\/li>\n<\/ol>\n","protected":false},"excerpt":{"rendered":"<p>With UB With Previous Institutions As first author As co-author<\/p>\n","protected":false},"author":546,"featured_media":0,"parent":0,"menu_order":0,"comment_status":"closed","ping_status":"closed","template":"","meta":{"footnotes":""},"class_list":["post-26","page","type-page","status-publish","hentry"],"_links":{"self":[{"href":"https:\/\/ubwp.buffalo.edu\/ldejesuslab\/wp-json\/wp\/v2\/pages\/26","targetHints":{"allow":["GET"]}}],"collection":[{"href":"https:\/\/ubwp.buffalo.edu\/ldejesuslab\/wp-json\/wp\/v2\/pages"}],"about":[{"href":"https:\/\/ubwp.buffalo.edu\/ldejesuslab\/wp-json\/wp\/v2\/types\/page"}],"author":[{"embeddable":true,"href":"https:\/\/ubwp.buffalo.edu\/ldejesuslab\/wp-json\/wp\/v2\/users\/546"}],"replies":[{"embeddable":true,"href":"https:\/\/ubwp.buffalo.edu\/ldejesuslab\/wp-json\/wp\/v2\/comments?post=26"}],"version-history":[{"count":5,"href":"https:\/\/ubwp.buffalo.edu\/ldejesuslab\/wp-json\/wp\/v2\/pages\/26\/revisions"}],"predecessor-version":[{"id":201,"href":"https:\/\/ubwp.buffalo.edu\/ldejesuslab\/wp-json\/wp\/v2\/pages\/26\/revisions\/201"}],"wp:attachment":[{"href":"https:\/\/ubwp.buffalo.edu\/ldejesuslab\/wp-json\/wp\/v2\/media?parent=26"}],"curies":[{"name":"wp","href":"https:\/\/api.w.org\/{rel}","templated":true}]}}