{"id":194,"date":"2020-08-10T19:39:21","date_gmt":"2020-08-10T19:39:21","guid":{"rendered":"http:\/\/jqi.3zerocreative.com\/?page_id=194"},"modified":"2024-10-14T15:11:49","modified_gmt":"2024-10-14T15:11:49","slug":"board-of-managers","status":"publish","type":"page","link":"https:\/\/ubwp.buffalo.edu\/job-quality-index-jqi\/board-of-managers\/","title":{"rendered":"JQI Team"},"content":{"rendered":"\n<p><strong>Contact Us:<\/strong> <a href=\"mailto:mgt-jqi@buffalo.edu\">mgt-jqi@buffalo.edu<\/a><\/p>\n\n\n<h2>UB School of Management<\/h2>\n<ul>\n<li><a href=\"https:\/\/management.buffalo.edu\/faculty\/academic-departments\/finance\/faculty\/cristian-tiu.html\" target=\"_blank\" rel=\"noopener noreferrer\"><strong>Cristian Tiu<\/strong><\/a> | Finance<\/li>\n<li><a href=\"https:\/\/management.buffalo.edu\/faculty\/academic-departments\/finance\/faculty\/veljko-fotak.html\" target=\"_blank\" rel=\"noopener noreferrer\"><strong>Veljko Fotak<\/strong><\/a> | Finance<\/li>\n<li><a href=\"https:\/\/management.buffalo.edu\/faculty\/academic-departments\/finance\/faculty\/feng-jack-jiang.html\" target=\"_blank\" rel=\"noopener noreferrer\"><strong>Feng (Jack) Jiang<\/strong><\/a> | Finance<\/li>\n<li><a href=\"https:\/\/management.buffalo.edu\/faculty\/academic-departments\/management-science-systems\/faculty\/raj-sharman.html\" target=\"_blank\" rel=\"noopener noreferrer\"><strong>Raj Sharman<\/strong><\/a> | Management Science and Systems<\/li>\n<\/ul>\n<h2>UB College of Arts and Sciences<\/h2>\n<ul>\n<li><a href=\"http:\/\/www.acsu.buffalo.edu\/~neelrao\/\" target=\"_blank\" rel=\"noopener noreferrer\"><strong>Neel Rao<\/strong><\/a> | Economics<\/li>\n<li><a href=\"https:\/\/arts-sciences.buffalo.edu\/economics\/faculty\/faculty-directory.host.html\/content\/shared\/arts-sciences\/economics\/profiles\/faculty\/mclaughlin-joanne-song.html\" target=\"_blank\" rel=\"noopener noreferrer\"><strong>Joanne Song McLaughlin<\/strong><\/a> | Economics<\/li>\n<\/ul>\n<h2>UB Law School<\/h2>\n<ul>\n<li><a href=\"https:\/\/www.law.buffalo.edu\/faculty\/facultyDirectory\/DimickMatthew.html\" target=\"_blank\" rel=\"noopener noreferrer\"><strong>Matthew Dimick<\/strong><\/a> | Law<\/li>\n<\/ul>\n<h2>Aalto University<\/h2>\n<ul>\n<li><a href=\"https:\/\/www.aalto.fi\/en\/department-of-finance\/juha-joenvaara\"><strong>Juha Joenv\u00e4\u00e4r\u00e4<\/strong><\/a> | Finance<\/li>\n<\/ul>\n<h2>Leeds School of Business at CU Boulder<\/h2>\n<ul>\n<li><a href=\"https:\/\/www.colorado.edu\/business\/leeds-directory\/faculty\/nicole-hunter\" target=\"_blank\" rel=\"noopener noreferrer\"><strong>Nicole Hunter<\/strong><\/a>\u00a0| Finance<\/li>\n<\/ul>\n<h2>Southwestern University of Finance and Economics<\/h2>\n<ul>\n<li><a href=\"https:\/\/www.linkedin.com\/in\/yuxiang-jiang-11923125\/?originalSubdomain=cn\"><strong>Yuxiang Jiang<\/strong><\/a>\u00a0| Finance<\/li>\n<\/ul>\n<h2>JQI Affiliated Adjunct Faculty<\/h2>\n<ul>\n<li><a href=\"http:\/\/www.westwoodcapital.com\/ourpeople\/daniel-alpert\/\"><strong>Daniel Alpert<\/strong><\/a> | Managing Partner, Westwood Capital LLC and Affiliates<\/li>\n<li><a href=\"https:\/\/prosperousamerica.org\/staff\/jeff-ferry\/\"><strong>Jeffrey Ferry<\/strong><\/a> | Chief Economist, Coalition For A Prosperous America<\/li>\n<li><strong>Amanda Mayoral<\/strong> | Economist, Coalition For A Prosperous America<strong><br \/><\/strong><\/li>\n<\/ul>\n<h2>Current Students<\/h2>\n<ul>\n<li><strong><a href=\"https:\/\/www.linkedin.com\/in\/henryokaro\/\">Henry Emenike Okaro<\/a><\/strong><\/li>\n<\/ul>\n<h2>Former Students<\/h2>\n<ul>\n<li><a href=\"https:\/\/www.linkedin.com\/in\/snehajadhav1606\/\"><b>Sneha Jadhav<\/b><\/a><\/li>\n<li><a href=\"https:\/\/www.linkedin.com\/in\/vishalsubramaniam\/\"><strong>Vishal Subramaniam<\/strong><\/a><\/li>\n<li><a href=\"https:\/\/www.linkedin.com\/in\/aeshitatewari\/\"><strong>Aeshita Tewari<\/strong><\/a><\/li>\n<li><strong><a href=\"https:\/\/www.linkedin.com\/in\/abhishek-nalavde\/\">Abhishek Nalavde<\/a><\/strong><\/li>\n<\/ul>\n<h2>JQI Board of Managers<\/h2>\n<ul>\n<li><a href=\"http:\/\/www.westwoodcapital.com\/ourpeople\/daniel-alpert\/\"><strong>Daniel Alpert<\/strong><\/a> | Managing Partner, Westwood Capital LLC and Affiliates<\/li>\n<li><strong>Marc Fasteau<\/strong> | President, Fulcrum Partners LLC<\/li>\n<li><a href=\"https:\/\/www.quentcapital.com\/about\"><strong>Gregg Fisher<\/strong><\/a> | Founder, Quent Capital<\/li>\n<li><a href=\"https:\/\/prosperousamerica.org\/staff\/michael-stumo\/\"><strong>Michael Stumo<\/strong><\/a> | CEO, Coalition For A Prosperous America<\/li>\n<\/ul>\n<p>The JQI is a development of a consortium of the following institutions:<\/p>\n<ul>\n<li><strong><a href=\"https:\/\/www.lawschool.cornell.edu\/academics\/clarke_business_law_institute\/law_and_regulation\/Introdcution.cfm\" target=\"_blank\" rel=\"noopener noreferrer\">Researchers at the Program on the Law and Regulation of Financial Institutions and Markets of the Jack G. Clarke Institute at Cornell University Law School<\/a><\/strong><\/li>\n<li><strong><a href=\"https:\/\/www.prosperousamerica.org\/\" target=\"_blank\" rel=\"noopener noreferrer\">Coalition for a Prosperous America (CPA)<\/a><\/strong><\/li>\n<li><strong><a href=\"https:\/\/shss.umkc.edu\/areas-of-study\/economics\/index.html\" target=\"_blank\" rel=\"noopener noreferrer\">University of Missouri \u2013 Kansas City Department of Economics (UMKC)<\/a><\/strong><\/li>\n<li><a href=\"http:\/\/www.global-isp.org\/\" target=\"_blank\" rel=\"noopener noreferrer\"><strong>Global Institute for Sustainable Prosperity (GISP)<\/strong><\/a><\/li>\n<\/ul>\n<h2>Our Partners<\/h2>\n\n\n<div class=\"wp-block-columns is-layout-flex wp-container-core-columns-is-layout-9d6595d7 wp-block-columns-is-layout-flex\">\n<div class=\"wp-block-column is-layout-flow wp-block-column-is-layout-flow\">\n<figure class=\"wp-block-image size-large is-resized\"><img loading=\"lazy\" decoding=\"async\" width=\"1024\" height=\"341\" src=\"https:\/\/ubwp.buffalo.edu\/job-quality-index-jqi\/wp-content\/uploads\/sites\/171\/2020\/08\/CPAHeadlineLogo-1024x341.png\" alt=\"Coalition for a Prosperours America\" class=\"wp-image-217\" style=\"width:210px;height:69px\" srcset=\"https:\/\/ubwp.buffalo.edu\/job-quality-index-jqi\/wp-content\/uploads\/sites\/171\/2020\/08\/CPAHeadlineLogo-1024x341.png 1024w, https:\/\/ubwp.buffalo.edu\/job-quality-index-jqi\/wp-content\/uploads\/sites\/171\/2020\/08\/CPAHeadlineLogo-300x100.png 300w, https:\/\/ubwp.buffalo.edu\/job-quality-index-jqi\/wp-content\/uploads\/sites\/171\/2020\/08\/CPAHeadlineLogo-768x256.png 768w, https:\/\/ubwp.buffalo.edu\/job-quality-index-jqi\/wp-content\/uploads\/sites\/171\/2020\/08\/CPAHeadlineLogo.png 1200w\" sizes=\"auto, (max-width: 1024px) 100vw, 1024px\" \/><\/figure>\n\n\n\n<figure class=\"wp-block-image size-large is-resized\"><img loading=\"lazy\" decoding=\"async\" width=\"313\" height=\"111\" src=\"https:\/\/ubwp.buffalo.edu\/job-quality-index-jqi\/wp-content\/uploads\/sites\/171\/2020\/08\/RP-Logo.png\" alt=\"Rally Point Strategies Logo\" class=\"wp-image-219\" style=\"width:214px;height:74px\" srcset=\"https:\/\/ubwp.buffalo.edu\/job-quality-index-jqi\/wp-content\/uploads\/sites\/171\/2020\/08\/RP-Logo.png 313w, https:\/\/ubwp.buffalo.edu\/job-quality-index-jqi\/wp-content\/uploads\/sites\/171\/2020\/08\/RP-Logo-300x106.png 300w\" sizes=\"auto, (max-width: 313px) 100vw, 313px\" \/><\/figure>\n\n\n\n<figure class=\"wp-block-image size-full is-resized\"><img loading=\"lazy\" decoding=\"async\" width=\"802\" height=\"226\" src=\"https:\/\/ubwp.buffalo.edu\/job-quality-index-jqi\/wp-content\/uploads\/sites\/171\/2022\/02\/QuentCap_Logo_RGB.png\" alt=\"Quent Capital Logo\" class=\"wp-image-904\" style=\"width:210px;height:59px\" srcset=\"https:\/\/ubwp.buffalo.edu\/job-quality-index-jqi\/wp-content\/uploads\/sites\/171\/2022\/02\/QuentCap_Logo_RGB.png 802w, https:\/\/ubwp.buffalo.edu\/job-quality-index-jqi\/wp-content\/uploads\/sites\/171\/2022\/02\/QuentCap_Logo_RGB-300x85.png 300w, https:\/\/ubwp.buffalo.edu\/job-quality-index-jqi\/wp-content\/uploads\/sites\/171\/2022\/02\/QuentCap_Logo_RGB-768x216.png 768w\" sizes=\"auto, (max-width: 802px) 100vw, 802px\" \/><\/figure>\n<\/div>\n\n\n\n<div class=\"wp-block-column is-layout-flow wp-block-column-is-layout-flow\">\n<figure class=\"wp-block-image size-large is-resized\"><img loading=\"lazy\" decoding=\"async\" width=\"405\" height=\"117\" src=\"https:\/\/ubwp.buffalo.edu\/job-quality-index-jqi\/wp-content\/uploads\/sites\/171\/2020\/08\/cropped-site_banner_logo.png\" alt=\"Caparo Technologies Inc\" class=\"wp-image-218\" style=\"width:200px;height:57px\" srcset=\"https:\/\/ubwp.buffalo.edu\/job-quality-index-jqi\/wp-content\/uploads\/sites\/171\/2020\/08\/cropped-site_banner_logo.png 405w, https:\/\/ubwp.buffalo.edu\/job-quality-index-jqi\/wp-content\/uploads\/sites\/171\/2020\/08\/cropped-site_banner_logo-300x87.png 300w\" sizes=\"auto, (max-width: 405px) 100vw, 405px\" \/><\/figure>\n\n\n\n<figure class=\"wp-block-image size-large is-resized\"><img loading=\"lazy\" decoding=\"async\" width=\"737\" height=\"1024\" src=\"https:\/\/ubwp.buffalo.edu\/job-quality-index-jqi\/wp-content\/uploads\/sites\/171\/2020\/08\/3Zero_Creative_Logo_Final-1-737x1024.png\" alt=\"3 Zero Creative logo\" class=\"wp-image-220\" style=\"width:75px;height:104px\" srcset=\"https:\/\/ubwp.buffalo.edu\/job-quality-index-jqi\/wp-content\/uploads\/sites\/171\/2020\/08\/3Zero_Creative_Logo_Final-1-737x1024.png 737w, https:\/\/ubwp.buffalo.edu\/job-quality-index-jqi\/wp-content\/uploads\/sites\/171\/2020\/08\/3Zero_Creative_Logo_Final-1-216x300.png 216w, https:\/\/ubwp.buffalo.edu\/job-quality-index-jqi\/wp-content\/uploads\/sites\/171\/2020\/08\/3Zero_Creative_Logo_Final-1-768x1067.png 768w, https:\/\/ubwp.buffalo.edu\/job-quality-index-jqi\/wp-content\/uploads\/sites\/171\/2020\/08\/3Zero_Creative_Logo_Final-1-1106x1536.png 1106w, https:\/\/ubwp.buffalo.edu\/job-quality-index-jqi\/wp-content\/uploads\/sites\/171\/2020\/08\/3Zero_Creative_Logo_Final-1-1474x2048.png 1474w, https:\/\/ubwp.buffalo.edu\/job-quality-index-jqi\/wp-content\/uploads\/sites\/171\/2020\/08\/3Zero_Creative_Logo_Final-1.png 1542w\" sizes=\"auto, (max-width: 737px) 100vw, 737px\" \/><\/figure>\n<\/div>\n<\/div>\n\n\n\n<p><em>The University at Buffalo School of Management logo and name used with permission.<\/em><\/p>\n","protected":false},"excerpt":{"rendered":"<p>Contact Us: mgt-jqi@buffalo.edu UB School of Management Cristian Tiu | Finance Veljko Fotak | Finance Feng (Jack) Jiang | Finance Raj Sharman | Management Science and Systems UB College of Arts and Sciences Neel Rao | Economics Joanne Song McLaughlin <a class=\"more-link\" href=\"https:\/\/ubwp.buffalo.edu\/job-quality-index-jqi\/board-of-managers\/\">Continue reading <span class=\"screen-reader-text\">  JQI Team<\/span><span class=\"meta-nav\">&rarr;<\/span><\/a><\/p>\n","protected":false},"author":469,"featured_media":0,"parent":0,"menu_order":0,"comment_status":"closed","ping_status":"closed","template":"","meta":{"footnotes":""},"class_list":["post-194","page","type-page","status-publish","hentry"],"_links":{"self":[{"href":"https:\/\/ubwp.buffalo.edu\/job-quality-index-jqi\/wp-json\/wp\/v2\/pages\/194","targetHints":{"allow":["GET"]}}],"collection":[{"href":"https:\/\/ubwp.buffalo.edu\/job-quality-index-jqi\/wp-json\/wp\/v2\/pages"}],"about":[{"href":"https:\/\/ubwp.buffalo.edu\/job-quality-index-jqi\/wp-json\/wp\/v2\/types\/page"}],"author":[{"embeddable":true,"href":"https:\/\/ubwp.buffalo.edu\/job-quality-index-jqi\/wp-json\/wp\/v2\/users\/469"}],"replies":[{"embeddable":true,"href":"https:\/\/ubwp.buffalo.edu\/job-quality-index-jqi\/wp-json\/wp\/v2\/comments?post=194"}],"version-history":[{"count":18,"href":"https:\/\/ubwp.buffalo.edu\/job-quality-index-jqi\/wp-json\/wp\/v2\/pages\/194\/revisions"}],"predecessor-version":[{"id":1353,"href":"https:\/\/ubwp.buffalo.edu\/job-quality-index-jqi\/wp-json\/wp\/v2\/pages\/194\/revisions\/1353"}],"wp:attachment":[{"href":"https:\/\/ubwp.buffalo.edu\/job-quality-index-jqi\/wp-json\/wp\/v2\/media?parent=194"}],"curies":[{"name":"wp","href":"https:\/\/api.w.org\/{rel}","templated":true}]}}