{"id":40,"date":"2024-09-24T15:19:58","date_gmt":"2024-09-24T20:19:58","guid":{"rendered":"https:\/\/wpdev.acsu.buffalo.edu\/jiayu-peng-lab\/?page_id=40"},"modified":"2026-04-06T02:17:18","modified_gmt":"2026-04-06T02:17:18","slug":"publications","status":"publish","type":"page","link":"https:\/\/ubwp.buffalo.edu\/jiayu-peng-lab\/publications\/","title":{"rendered":"Publications"},"content":{"rendered":"\n<div class=\"wp-block-group is-vertical is-layout-flex wp-container-core-group-is-layout-8cf370e7 wp-block-group-is-layout-flex\">\n<p style=\"font-size:18px\">More information can be found at <a href=\"https:\/\/scholar.google.com\/citations?user=9PY80DQAAAAJ\" data-type=\"link\" data-id=\"https:\/\/scholar.google.com\/citations?user=9PY80DQAAAAJ\">Google Scholar<\/a> and <a href=\"https:\/\/orcid.org\/0000-0003-3696-770X\">ORCID<\/a><\/p>\n\n\n\n<p style=\"font-size:18px\">\u2020 = equal contribution | * = corresponding authorship | <sup>#<\/sup> = graduate student mentee | <sup>&amp;<\/sup> = postdoctoral mentee | <sup>^<\/sup> = undergraduate researcher mentee<\/p>\n<\/div>\n\n\n\n<div class=\"wp-block-group is-vertical is-layout-flex wp-container-core-group-is-layout-8cf370e7 wp-block-group-is-layout-flex\">\n<p><\/p>\n\n\n\n<p class=\"has-small-font-size\"><strong>Preprint<\/strong><\/p>\n\n\n\n<ol reversed class=\"wp-block-list\">\n<li style=\"font-size:18px\">H. Xin*, J.R. Kitchin*, N. L\u00f3pez*, N.M. Schweitzer*, M. Abolhasani, N. Artrith, L. \u00c1rnad\u00f3ttir, K. Choudhary, R. Ding, A.I. Frenkel, J.A. Gauthier, B.R. Goldsmith, A.B. Farimani, L.C. Grabow, G.T.K.K. Gunasooriya, G. Hu, T.R. Josephson, H.J. Kulik, R. Kumar, T. Laino, H. Li, X.-Y. Li, W. Li, S. Linic, C. Liu, C. Liu, F. Liu, M. Liu, P. Ma, A.J. Medford, S. Mukhopadhyay, P. Ou, C. Paolucci, <span style=\"text-decoration: underline\">J. Peng<\/span>, C. Phillips, M.D. Porosoff, L. Qi, A.S. Rosen, S. Sun, T. Szilv\u00e1si, J. Voss, S. Wang, X. Wang, K. Winther, Q. Wu, D. Zhang, and Z. Zhang, \u201c<a href=\"https:\/\/doi.org\/10.26434\/chemrxiv.15001239\/v1\" data-type=\"link\" data-id=\"https:\/\/doi.org\/10.26434\/chemrxiv.15001239\/v1\">Transparent Reporting for Agentic Catalysis Enabled by Artificial Intelligence (TRACE-AI): Community Guidelines<\/a>,\u201d preprint at <em>ChemRxiv<\/em><\/li>\n\n\n\n<li style=\"font-size:18px\"><span style=\"text-decoration: underline\">J. Peng\u2020<\/span>, J. Damewood\u2020, J. Karaguesian\u2020, J.R. Lunger, and R. G\u00f3mez-Bombarelli*, \u201c<a href=\"https:\/\/doi.org\/10.48550\/arXiv.2409.13851\" data-type=\"link\" data-id=\"https:\/\/doi.org\/10.48550\/arXiv.2409.13851\">Learning Ordering in Crystalline Materials with Symmetry-Aware Graph Neural Networks<\/a>,\u201d preprint at <em>arXiv<\/em><\/li>\n<\/ol>\n<\/div>\n\n\n\n<div class=\"wp-block-group is-vertical is-layout-flex wp-container-core-group-is-layout-8cf370e7 wp-block-group-is-layout-flex\">\n<p><\/p>\n\n\n\n<p class=\"has-small-font-size\"><strong>In Press &amp; Published<\/strong><\/p>\n\n\n\n<ol reversed class=\"wp-block-list\">\n<li style=\"font-size:18px\">Y. Zhuang, X. Yang, C. Zhang, X. Jia, D. Zhang, M. Li, T. Yao, <span style=\"text-decoration: underline\">J. Peng<\/span>, Z. Gao, W. Yang*, and H. Li*, \u201c<a href=\"https:\/\/doi.org\/10.1021\/prechem.5c00449\" data-type=\"link\" data-id=\"https:\/\/doi.org\/10.1021\/prechem.5c00449\">Materials Databases: Foundations of Modern Digital Materials<\/a>,\u201d <em><strong>Precision Chemistry<\/strong><\/em> (2026) DOI: 10.1021\/prechem.5c00449<\/li>\n\n\n\n<li style=\"font-size:18px\">D. Zhang\u2020, Y. Chen\u2020*, C. Liu<sup>#<\/sup>, Y. Liu, H. Xin, <span style=\"text-decoration: underline\">J. Peng*<\/span>, P. Ou*, and H. Li*, \u201c<a href=\"https:\/\/doi.org\/10.1002\/anie.202526150\">Accelerating Catalyst Materials Discovery with Large Artificial Intelligence Models<\/a>,\u201d <strong><em>Angewandte Chemie International Edition<\/em><\/strong> (2026) DOI: 10.1002\/anie.202526150<\/li>\n\n\n\n<li style=\"font-size:18px\">H. Xin*, J.R. Kitchin*, N. L\u00f3pez*, N.M. Schweitzer*, N. Artrith, F. Che, L.C. Grabow, G.T.K.K. Gunasooriya, T. Laino, H. Li, S. Linic, A.J. Medford, R.J. Meyer, <span style=\"text-decoration: underline\">J. Peng<\/span>, C. Phillips, J. Qian, L. Qi, W.J. Shaw, Z.W. Ulissi, S. Wang, and X. Wang, \u201c<a href=\"https:\/\/doi.org\/10.1038\/s41929-026-01479-x\" data-type=\"link\" data-id=\"https:\/\/doi.org\/10.1038\/s41929-026-01479-x\">Roadmap for Transforming Heterogeneous Catalysis with Artificial Intelligence<\/a>,\u201d <em><em><strong>Nature Catalysis<\/strong><\/em><\/em> 9, 102\u2013111 (2026)<\/li>\n\n\n\n<li style=\"font-size:18px\">D.J. Zheng, K. McCormack, <span style=\"text-decoration: underline\">J. Peng<\/span>, R. Garcia-Diez, E. Kataev, F. Schwarz, S. Nehzati, J. Thyr, W. Quevedo-Garz\u00f3n, B. Howchen, M. B\u00e4r, Y. Rom\u00e1n-Leshkov, Y. Shao-Horn*, and M. G\u00f6rlin*, \u201c<a href=\"https:\/\/doi.org\/10.1021\/acsami.5c12947\">Lattice Oxygen Exchange Pathways in Nickel-Iron Metal-Organic Framework-Based Oxygen Evolution Electrocatalysts<\/a>,\u201d <strong><em>ACS Applied Materials &amp; Interfaces<\/em><\/strong> 18, 1062\u20131076 (2026)<\/li>\n\n\n\n<li style=\"font-size:18px\"><span style=\"text-decoration: underline\">J. Peng*<\/span>, C. Liu<sup>#<\/sup>, Y. Luo<sup>#<\/sup>, and K. Dandapat<sup>^<\/sup>, \u201c<a href=\"https:\/\/doi.org\/10.20517\/aiagent.2025.07\" data-type=\"link\" data-id=\"https:\/\/doi.org\/10.20517\/aiagent.2025.07\">Accelerating Multimetallic Catalyst Discovery with Robotics and Agentic AI<\/a>,\u201d <em><strong>AI Agent<\/strong><\/em> 1, 5 (2025)<\/li>\n\n\n\n<li style=\"font-size:18px\"><span style=\"text-decoration: underline\">J. Peng*<\/span>, \u201c<a href=\"https:\/\/doi.org\/10.1063\/5.0271797\" data-type=\"link\" data-id=\"https:\/\/doi.org\/10.1063\/5.0271797\">Toward Data-Driven Predictive Modeling of Electrocatalyst Stability and Surface Reconstruction<\/a>,\u201d <em><strong>The Journal of Chemical Physics<\/strong><\/em> 163, 040902 (2025)<\/li>\n\n\n\n<li style=\"font-size:18px\">X. Du, M. Liu, <span style=\"text-decoration: underline\">J. Peng<\/span>, H. Chun, A. Hoffman, B. Yildiz, L. Li, M.Z. Bazant, and R. G\u00f3mez-Bombarelli*, \u201c<a href=\"https:\/\/doi.org\/10.1021\/acscentsci.5c00547\">Accelerating and Enhancing Thermodynamic Simulations of Electrochemical Interfaces<\/a>,\u201d <em><strong>ACS Central Science<\/strong><\/em> 11, 1558\u22121572 (2025)<\/li>\n\n\n\n<li style=\"font-size:18px\">J. Nam,&nbsp;<span style=\"text-decoration: underline\">J. Peng<\/span>, and R. G\u00f3mez-Bombarelli*, \u201c<a href=\"https:\/\/doi.org\/10.1038\/s41467-025-59543-2\" data-type=\"link\" data-id=\"https:\/\/doi.org\/10.1038\/s41467-025-59543-2\">Interpolation and Differentiation of Alchemical Degrees of Freedom in Machine Learning Interatomic Potentials<\/a>,\u201d <em><strong>Nature Communications<\/strong><\/em> 16, 4350 (2025)<\/li>\n\n\n\n<li style=\"font-size:18px\">D.J. Zheng, H. Iriawan, R. Pant, C.J. Eom, H. Xu, <span style=\"text-decoration: underline\">J. Peng<\/span>, C. Arase, I. Takeuchi, Y. Rom\u00e1n-Leshkov, and Y. Shao-Horn*, \u201c<a href=\"https:\/\/doi.org\/10.1021\/acscatal.5c00702\">In Situ Fluorescence Imaging of Oxygen Evolution on Epitaxial Perovskite Films with Composition Gradients<\/a>,\u201d <em><strong>ACS Catalysis<\/strong><\/em> 15, 8776\u20138787 (2025)<\/li>\n\n\n\n<li style=\"font-size:18px\">T. Wang\u2020, H. Iriawan\u2020, <span style=\"text-decoration: underline\">J. Peng*<\/span>, R.R. Rao*, B. Huang, D.J. Zheng, D. Menga, A. Aggarwal, S. Yuan, C.J. Eom, Y. Zhang, K. McCormack, Y. Rom\u00e1n-Leshkov, J. Grossman, and Y. Shao-Horn*, \u201c<a href=\"https:\/\/doi.org\/10.1021\/acs.chemrev.4c00274\" data-type=\"link\" data-id=\"https:\/\/doi.org\/10.1021\/acs.chemrev.4c00274\">Confined Water for Catalysis: Thermodynamic Properties and Reaction Kinetics<\/a>,\u201d <strong><em>Chemical Reviews<\/em><\/strong> 125, 1420\u20131467 (2025)<\/li>\n\n\n\n<li style=\"font-size:18px\">D.J. Zheng\u2020, <span style=\"text-decoration: underline\">J. Peng\u2020*<\/span>, K. McCormack, H. Xu, J.S. Kang, Z. Wang, Z. Ren, J. Li, Y. Rom\u00e1n-Leshkov*, and Y. Shao-Horn*, \u201c<a href=\"https:\/\/doi.org\/10.1039\/D4EY00100A\">Uniting Activity Design Principles of Anode Catalysts for Direct Liquid Fuel Cells<\/a>,\u201d <em><strong>EES Catalysis<\/strong><\/em> 2, 1186\u20131209 (2024)<\/li>\n\n\n\n<li style=\"font-size:18px\"><span style=\"text-decoration: underline\">J. Peng<\/span>, J. Damewood, and R. G\u00f3mez-Bombarelli*, \u201c<a href=\"https:\/\/doi.org\/10.1016\/j.xcrp.2024.101942\">Data-Driven Physics-Informed Descriptors of Cation Ordering in Multicomponent Perovskite Oxides<\/a>,\u201d <em><strong>Cell Reports Physical Science<\/strong><\/em> 5, 101942 (2024)<\/li>\n\n\n\n<li style=\"font-size:18px\">J.R. Lunger, J. Karaguesian, H. Chun, <span style=\"text-decoration: underline\">J. Peng<\/span>, Y. Tseo, C.H. Shan, B. Han, Y. Shao-Horn*, and R. G\u00f3mez-Bombarelli*, \u201c<a href=\"https:\/\/doi.org\/10.1038\/s41524-024-01273-y\">Towards Atom-Level Understanding of Metal Oxide Catalysts for the Oxygen Evolution Reaction with Machine Learning<\/a>,\u201d <em><strong>npj Computational Materials<\/strong><\/em> 10, 80 (2024)<\/li>\n\n\n\n<li style=\"font-size:18px\">M.T. McDowell, H. Xiong, M. Nazemi, <span style=\"text-decoration: underline\">J. Peng<\/span>, J.L. Lutkenhaus, R. Wang, A. Djire, A. Sankaran, J. Leem, and Y. Gogotsi, \u201c<a href=\"https:\/\/doi.org\/10.1016\/j.xcrp.2023.101605\">Nanomaterials in the Future of Energy Research<\/a>,\u201d <em><strong>Cell Reports Physical Science<\/strong><\/em> 4, 101605 (2023)<\/li>\n\n\n\n<li style=\"font-size:18px\">J. Damewood, J. Karaguesian, J.R. Lunger, A.R. Tan, M. Xie, <span style=\"text-decoration: underline\">J. Peng, <\/span>and R. G\u00f3mez-Bombarelli*, \u201c<a href=\"https:\/\/doi.org\/10.1146\/annurev-matsci-080921-085947\">Representations of Materials for Machine Learning<\/a>,\u201d <em><strong>Annual Review of Materials Research<\/strong><\/em> 53, 399\u2013426 (2023)<\/li>\n\n\n\n<li style=\"font-size:18px\">D.J. Zheng\u2020, M. G\u00f6rlin\u2020, K. McCormack, J. Kim, <span style=\"text-decoration: underline\">J. Peng<\/span>, H. Xu, X. Ma, J.M. LeBeau, R.A. Fischer, Y. Rom\u00e1n-Leshkov*, and Y. Shao-Horn*, \u201c<a href=\"https:\/\/doi.org\/10.1021\/acs.chemmater.3c00316\">Linker-Dependent Stability of Metal-Hydroxide Organic Frameworks for Oxygen Evolution<\/a>,\u201d <em><strong>Chemistry of Materials<\/strong><\/em> 35, 5017\u20135031 (2023)<\/li>\n\n\n\n<li style=\"font-size:18px\"><span style=\"text-decoration: underline\">J. Peng<\/span>, J.J. Giner-Sanz, L. Giordano, W.P. Mounfield, G.M. Leverick, Y. Yu, Y. Rom\u00e1n-Leshkov*, and Y. Shao-Horn*, \u201c<a href=\"https:\/\/doi.org\/10.1016\/j.joule.2022.11.011\">Design Principles for Transition Metal Nitride Stability and Ammonia Generation in Acid<\/a>,\u201d <em><strong>Joule<\/strong><\/em> 7, 150\u2013167 (2023)<\/li>\n\n\n\n<li style=\"font-size:18px\"><span style=\"text-decoration: underline\">J. Peng<\/span>, D. Schwalbe-Koda, K. Akkiraju, T. Xie, L. Giordano, Y. Yu, C.J. Eom, J.R. Lunger, D.J. Zheng, R.R. Rao, S. Muy, J.C. Grossman, K. Reuter, R. G\u00f3mez-Bombarelli*, and Y. Shao-Horn*, \u201c<a href=\"https:\/\/doi.org\/10.1038\/s41578-022-00466-5\">Human- and Machine-Centred Designs of Molecules and Materials for Sustainability and Decarbonization<\/a>,\u201d <em><strong>Nature Reviews Materials<\/strong><\/em> 7, 991\u20131009 (2022)<\/li>\n\n\n\n<li style=\"font-size:18px\"><span style=\"text-decoration: underline\">J. Peng*<\/span>, L. Giordano, T.C. Davenport, and Y. Shao-Horn*, \u201c<a href=\"https:\/\/doi.org\/10.1021\/acs.chemmater.2c01233\">Stability Design Principles of Manganese-Based Oxides in Acid<\/a>,\u201d <em><strong>Chemistry of Materials<\/strong><\/em> 34, 7774\u20137787 (2022)<\/li>\n\n\n\n<li style=\"font-size:18px\">M.B. Stevens, M. Anand, M.E. Kreider, E.K. Price, J.Z. Zeled\u00f3n, L. Wang, <span style=\"text-decoration: underline\">J. Peng<\/span>, H. Li, J.M. Gregoire, J. Hummelsh\u00f8j, T.F. Jaramillo, H. Jia, J.K. N\u00f8rskov, Y. Rom\u00e1n-Leshkov, Y. Shao-Horn, B. Storey, S.K. Suram, S.B. Torrisi, and J. Montoya*, \u201c<a href=\"https:\/\/doi.org\/10.1039\/D2EE01333A\">New Challenges in Oxygen Reduction Catalysis: A Consortium Retrospective to Inform Future Research<\/a>,\u201d <em><strong>Energy &amp; Environmental Science<\/strong><\/em> 15, 3775\u20133794 (2022)<\/li>\n\n\n\n<li style=\"font-size:18px\">S. Yuan, <span style=\"text-decoration: underline\">J. Peng<\/span>, Y. Zhang, D.J. Zheng, S. Bagi, T. Wang, Y. Rom\u00e1n-Leshkov*, and Y. Shao-Horn*, \u201c<a href=\"https:\/\/doi.org\/10.1021\/acscatal.2c00184\">Tuning the Catalytic Activity of Fe-Phthalocyanine-Based Catalysts for Oxygen Reduction Reaction by Ligand Functionalization,<\/a>\u201d <em><strong>ACS Catalysis<\/strong><\/em> 12, 7278\u20137287 (2022)<\/li>\n\n\n\n<li style=\"font-size:18px\">J.R. Lunger, N. Lutz, <span style=\"text-decoration: underline\">J. Peng<\/span>, M. Bajdich*, and Y. Shao-Horn*, \u201c<a href=\"https:\/\/doi.org\/10.1021\/acs.chemmater.2c00602\">Cation-Dependent Multi-Electron Kinetics of Metal Oxide Splitting<\/a>,\u201d <em><strong>Chemistry of Materials<\/strong><\/em> 34, 3872\u20133881 (2022)<\/li>\n\n\n\n<li style=\"font-size:18px\">S. Yuan\u2020, <span style=\"text-decoration: underline\">J. Peng\u2020<\/span>, B. Cai\u2020, Z. Huang, A.T. Garcia-Esparza, D. Sokaras, Y. Zhang, L. Giordano, K. Akkiraju, Y. Zhu, R. H\u00fcbner, X. Zou, Y. Rom\u00e1n-Leshkov*, and Y. Shao-Horn*, \u201c<a href=\"https:\/\/doi.org\/10.1038\/s41563-022-01199-0\">Tunable Metal Hydroxide\u2013Organic Frameworks for Catalysing Oxygen Evolution<\/a>,\u201d <em><strong>Nature Materials<\/strong><\/em> 21, 673\u2013680 (2022)<\/li>\n\n\n\n<li style=\"font-size:18px\">T.-H. Shen, L. Spillane, <span style=\"text-decoration: underline\">J. Peng<\/span>, Y. Shao-Horn, and V. Tileli*, \u201c<a href=\"https:\/\/doi.org\/10.1038\/s41929-021-00723-w\">Switchable Wetting of Oxygen Evolving Oxide Catalysts<\/a>,\u201d <em><strong>Nature Catalysis<\/strong><\/em> 5, 30\u201336 (2022)<\/li>\n\n\n\n<li style=\"font-size:18px\"><span style=\"text-decoration: underline\">J. Peng*<\/span>, J.K. Damewood, J. Karaguesian, R. G\u00f3mez-Bombarelli*, and Y. Shao-Horn, \u201c<a href=\"https:\/\/doi.org\/10.1016\/j.joule.2021.11.011\">Navigating Multimetallic Catalyst Space with Bayesian Optimization<\/a>,\u201d <em><strong>Joule<\/strong><\/em> 5, 3069\u20133071 (2021)<\/li>\n\n\n\n<li style=\"font-size:18px\">R.R. Rao*, B. Huang, Y. Katayama, J. Hwang, T. Kawaguchi, J.R. Lunger, <span style=\"text-decoration: underline\">J. Peng<\/span>, Y. Zhang, A. Morinaga, H. Zhou, H. You, and Y. Shao-Horn*, \u201c<a href=\"https:\/\/doi.org\/10.1021\/acs.jpcc.1c00413\">pH- and Cation-Dependent Water Oxidation on Rutile RuO<sub>2<\/sub>(110),<\/a>\u201d <em><strong>The Journal of Physical Chemistry C<\/strong><\/em> 125, 8195\u20138207 (2021)<\/li>\n\n\n\n<li style=\"font-size:18px\">S. Yuan, Y. Li, <span style=\"text-decoration: underline\">J. Peng<\/span>, Y.M. Questell-Santiago, K. Akkiraju, L. Giordano, D.J. Zheng, S. Bagi, Y. Rom\u00e1n-Leshkov*, and Y. Shao-Horn*, \u201c<a href=\"https:\/\/doi.org\/10.1002\/aenm.202002154\">Conversion of Methane into Liquid Fuels\u2014Bridging Thermal Catalysis with Electrocatalysis<\/a>,\u201d <em><strong>Advanced Energy Materials<\/strong><\/em> 10, 2002154 (2020)<\/li>\n\n\n\n<li style=\"font-size:18px\">T.-H. Shen, L. Spillane, J. Vavra, T.H.M. Pham, <span style=\"text-decoration: underline\">J. Peng<\/span>, Y. Shao-Horn, and V. Tileli*, \u201c<a href=\"https:\/\/doi.org\/10.1021\/jacs.0c06268\">Oxygen Evolution Reaction in Ba<sub>0.5<\/sub>Sr<sub>0.5<\/sub>Co<sub>0.8<\/sub>Fe<sub>0.2<\/sub>O<sub>3\u2212\u03b4<\/sub> Aided by Intrinsic Co\/Fe Spinel-Like Surface<\/a>,\u201d <em><strong>Journal of the American Chemical Society<\/strong><\/em> 142, 15876\u201315883 (2020)<\/li>\n\n\n\n<li style=\"font-size:18px\">D.A. Kuznetsov\u2020, <span style=\"text-decoration: underline\">J. Peng\u2020<\/span>, L. Giordano, Y. Rom\u00e1n-Leshkov, and Y. Shao-Horn*, \u201c<a href=\"https:\/\/doi.org\/10.1021\/acs.jpcc.0c01401\">Bismuth Substituted Strontium Cobalt Perovskites for Catalyzing Oxygen Evolution<\/a>,\u201d <em><strong>The Journal of Physical Chemistry C<\/strong><\/em> 124, 6562\u20136570 (2020)<\/li>\n\n\n\n<li style=\"font-size:18px\">S. Yuan*, <span style=\"text-decoration: underline\">J. Peng<\/span>, Y. Zhang, and Y. Shao-Horn*, \u201c<a href=\"https:\/\/doi.org\/10.1021\/acs.jpcc.9b08749\">Stability Trend of Metal\u2013Organic Frameworks with Heterometal-Modified Hexanuclear Zr Building Units<\/a>,\u201d <em><strong>The Journal of Physical Chemistry C<\/strong><\/em> 123, 28266\u201328274 (2019)<\/li>\n\n\n\n<li style=\"font-size:18px\">C. Wei\u2020, R.R. Rao\u2020, <span style=\"text-decoration: underline\">J. Peng<\/span>, B. Huang, I.E.L. Stephens, M. Risch, Z.J. Xu*, and Y. Shao-Horn*, \u201c<a href=\"https:\/\/doi.org\/10.1002\/adma.201806296\">Recommended Practices and Benchmark Activity for Hydrogen and Oxygen Electrocatalysis in Water Splitting and Fuel Cells<\/a>,\u201d <em><strong>Advanced Materials<\/strong><\/em> 31, 1806296 (2019)<\/li>\n\n\n\n<li style=\"font-size:18px\">R. He\u2020, J. Hua\u2020, A. Zhang, C. Wang, <span style=\"text-decoration: underline\">J. Peng<\/span>, W. Chen, and J. Zeng*, \u201c<a href=\"https:\/\/doi.org\/10.1021\/acs.nanolett.7b01334\">Molybdenum Disulfide\u2013Black Phosphorus Hybrid Nanosheets as a Superior Catalyst for Electrochemical Hydrogen Evolution<\/a>,\u201d <em><strong>Nano Letters<\/strong><\/em> 17, 4311\u20134316 (2017)<\/li>\n<\/ol>\n<\/div>\n\n\n\n<div class=\"wp-block-group is-vertical is-layout-flex wp-container-core-group-is-layout-8cf370e7 wp-block-group-is-layout-flex\">\n<p><\/p>\n\n\n\n<p class=\"has-small-font-size\"><strong>Patents<\/strong><\/p>\n\n\n\n<ol reversed class=\"wp-block-list\">\n<li style=\"font-size:18px\">Y. Shao-Horn, Y. Rom\u00e1n-Leshkov, and <span style=\"text-decoration: underline\">J. Peng<\/span>, \u201cTransition Metal Nitrides as Solid Carriers for Ammonia Storage,\u201d U.S. Patent 11\/958,752<\/li>\n\n\n\n<li style=\"font-size:18px\">Y. Shao-Horn, Y. Rom\u00e1n-Leshkov, D.A. Kuznetsov, L. Giordano, and <span style=\"text-decoration: underline\">J. Peng<\/span>, \u201cPerovskites for Catalyzing Oxygen,\u201d U.S. Patent 11\/220,753<\/li>\n<\/ol>\n<\/div>\n\n\n\n<p><\/p>\n","protected":false},"excerpt":{"rendered":"<p>More information can be found at Google Scholar and ORCID \u2020 = equal contribution | * = corresponding authorship | # = graduate student mentee | &amp; = postdoctoral mentee &hellip; <\/p>\n<p class=\"link-more\"><a href=\"https:\/\/ubwp.buffalo.edu\/jiayu-peng-lab\/publications\/\" class=\"more-link\">Continue reading<span class=\"screen-reader-text\"> &#8220;Publications&#8221;<\/span><\/a><\/p>\n","protected":false},"author":605,"featured_media":0,"parent":0,"menu_order":0,"comment_status":"closed","ping_status":"closed","template":"","meta":{"footnotes":""},"class_list":["post-40","page","type-page","status-publish","hentry","entry"],"_links":{"self":[{"href":"https:\/\/ubwp.buffalo.edu\/jiayu-peng-lab\/wp-json\/wp\/v2\/pages\/40","targetHints":{"allow":["GET"]}}],"collection":[{"href":"https:\/\/ubwp.buffalo.edu\/jiayu-peng-lab\/wp-json\/wp\/v2\/pages"}],"about":[{"href":"https:\/\/ubwp.buffalo.edu\/jiayu-peng-lab\/wp-json\/wp\/v2\/types\/page"}],"author":[{"embeddable":true,"href":"https:\/\/ubwp.buffalo.edu\/jiayu-peng-lab\/wp-json\/wp\/v2\/users\/605"}],"replies":[{"embeddable":true,"href":"https:\/\/ubwp.buffalo.edu\/jiayu-peng-lab\/wp-json\/wp\/v2\/comments?post=40"}],"version-history":[{"count":99,"href":"https:\/\/ubwp.buffalo.edu\/jiayu-peng-lab\/wp-json\/wp\/v2\/pages\/40\/revisions"}],"predecessor-version":[{"id":1015,"href":"https:\/\/ubwp.buffalo.edu\/jiayu-peng-lab\/wp-json\/wp\/v2\/pages\/40\/revisions\/1015"}],"wp:attachment":[{"href":"https:\/\/ubwp.buffalo.edu\/jiayu-peng-lab\/wp-json\/wp\/v2\/media?parent=40"}],"curies":[{"name":"wp","href":"https:\/\/api.w.org\/{rel}","templated":true}]}}