{"id":1126,"date":"2024-11-19T14:52:47","date_gmt":"2024-11-19T14:52:47","guid":{"rendered":"https:\/\/wpdev.acsu.buffalo.edu\/history-of-cds\/?page_id=1126"},"modified":"2025-04-30T19:12:18","modified_gmt":"2025-04-30T19:12:18","slug":"philippe-pinel","status":"publish","type":"page","link":"https:\/\/ubwp.buffalo.edu\/history-of-cds\/enlightenment-18th-century\/philippe-pinel\/","title":{"rendered":"Philippe Pinel"},"content":{"rendered":"\n<h1 class=\"wp-block-heading has-text-align-center\">1745-1826<\/h1>\n\n\n\n<p class=\"has-text-align-center\"><img loading=\"lazy\" decoding=\"async\" width=\"100\" height=\"97\" src=\"https:\/\/www.acsu.buffalo.edu\/~duchan\/new_history\/enlightenment\/images_enlightenment\/pinel.jpg\" alt=\"http:\/\/upload.wikimedia.org\/wikipedia\/commons\/e\/e3\/Philippe_Pinel.jpg\"><\/p>\n\n\n\n<p>Philippe Pinel was a French physician who worked to develop humane approaches toward the mentally ill. His treatments have been called moral treatments, in that they involved a minimal amount of restraint, and close, personalized contact with patients.<\/p>\n\n\n\n<p>Pinel worked at two French hospitals, the Bicetre and Salpetriere. While at Bic\u00eatre, he eliminated medical treatments for the mentally ill, such as bleeding, purging, and blistering. He replaced those physically-based treatments with ones involving emotional support. Pinel visited each of his mentally ill patients, often several times a day, and took careful notes over two years. He engaged them in lengthy conversations.<\/p>\n\n\n\n<p>Pinel also made worked on the creation of classification systems for mental illness. He classified disorders into four basic types:<\/p>\n\n\n\n<p>He argued that mental disorders are not separate entities but stem from a single disease that he called &#8220;mental alienation.&#8221;<\/p>\n\n\n\n<p>In modern commentary, Michael Foucault\u2019s influential book,&nbsp;<em>Madness and civilization: A history of insanity in the age of reason<\/em>&nbsp;portrays Pinel, along with William Tuke, as the driving force behind the 18th century shift from physical to mental oppression.<\/p>\n\n\n\n<h3 class=\"wp-block-heading\">Writings of Philippe Pinel, arranged chronologically<\/h3>\n\n\n\n<p>Pinel, P. (1798)&nbsp;<em>Nosographie philosophique ou m\u00e9thode de l&#8217;analyse appliqu\u00e9e \u00e0 la m\u00e9decine<\/em>.<\/p>\n\n\n\n<p>Pinel, P. (1801)&nbsp;<em>Trait\u00e9 m\u00e9dico-philosophique sur l&#8217;ali\u00e9nation mentale; ou la manie<\/em>, translated into English by&nbsp;<a href=\"http:\/\/en.wikipedia.org\/wiki\/David_Daniel_Davis\">D. D. Davis<\/a>&nbsp;as a&nbsp;<em>Treatise on Insanity<\/em>&nbsp;in 1806.<\/p>\n\n\n\n<p>Pinel, P. (1802)&nbsp;<em>La M\u00e9decine Clinique<\/em><\/p>\n\n\n\n<h3 class=\"wp-block-heading\">Writings about Philippe Pinel<\/h3>\n\n\n\n<p>Foucault, M. (1965).&nbsp;<em>Madness and civilization: A history of insanity in the age of reason<\/em>. NY Random House.<\/p>\n","protected":false},"excerpt":{"rendered":"<p>1745-1826 Philippe Pinel was a French physician who worked to develop humane approaches toward the mentally ill. His treatments have been called moral treatments, in that they involved a minimal [&hellip;]<\/p>\n","protected":false},"author":630,"featured_media":0,"parent":42,"menu_order":0,"comment_status":"closed","ping_status":"closed","template":"","meta":{"_EventAllDay":false,"_EventTimezone":"","_EventStartDate":"","_EventEndDate":"","_EventStartDateUTC":"","_EventEndDateUTC":"","_EventShowMap":false,"_EventShowMapLink":false,"_EventURL":"","_EventCost":"","_EventCostDescription":"","_EventCurrencySymbol":"","_EventCurrencyCode":"","_EventCurrencyPosition":"","_EventDateTimeSeparator":"","_EventTimeRangeSeparator":"","_EventOrganizerID":[],"_EventVenueID":[],"_OrganizerEmail":"","_OrganizerPhone":"","_OrganizerWebsite":"","_VenueAddress":"","_VenueCity":"","_VenueCountry":"","_VenueProvince":"","_VenueState":"","_VenueZip":"","_VenuePhone":"","_VenueURL":"","_VenueStateProvince":"","_VenueLat":"","_VenueLng":"","_VenueShowMap":false,"_VenueShowMapLink":false,"footnotes":""},"class_list":["post-1126","page","type-page","status-publish","hentry"],"_links":{"self":[{"href":"https:\/\/ubwp.buffalo.edu\/history-of-cds\/wp-json\/wp\/v2\/pages\/1126","targetHints":{"allow":["GET"]}}],"collection":[{"href":"https:\/\/ubwp.buffalo.edu\/history-of-cds\/wp-json\/wp\/v2\/pages"}],"about":[{"href":"https:\/\/ubwp.buffalo.edu\/history-of-cds\/wp-json\/wp\/v2\/types\/page"}],"author":[{"embeddable":true,"href":"https:\/\/ubwp.buffalo.edu\/history-of-cds\/wp-json\/wp\/v2\/users\/630"}],"replies":[{"embeddable":true,"href":"https:\/\/ubwp.buffalo.edu\/history-of-cds\/wp-json\/wp\/v2\/comments?post=1126"}],"version-history":[{"count":1,"href":"https:\/\/ubwp.buffalo.edu\/history-of-cds\/wp-json\/wp\/v2\/pages\/1126\/revisions"}],"predecessor-version":[{"id":2902,"href":"https:\/\/ubwp.buffalo.edu\/history-of-cds\/wp-json\/wp\/v2\/pages\/1126\/revisions\/2902"}],"up":[{"embeddable":true,"href":"https:\/\/ubwp.buffalo.edu\/history-of-cds\/wp-json\/wp\/v2\/pages\/42"}],"wp:attachment":[{"href":"https:\/\/ubwp.buffalo.edu\/history-of-cds\/wp-json\/wp\/v2\/media?parent=1126"}],"curies":[{"name":"wp","href":"https:\/\/api.w.org\/{rel}","templated":true}]}}