{"id":55,"date":"2023-11-04T14:32:14","date_gmt":"2023-11-04T14:32:14","guid":{"rendered":"https:\/\/wpdev.acsu.buffalo.edu\/energy\/?page_id=55"},"modified":"2025-04-07T17:04:02","modified_gmt":"2025-04-07T21:04:02","slug":"publication","status":"publish","type":"page","link":"https:\/\/ubwp.buffalo.edu\/energy\/publication\/","title":{"rendered":"Publication"},"content":{"rendered":"\t\t<div data-elementor-type=\"wp-page\" data-elementor-id=\"55\" class=\"elementor elementor-55\">\n\t\t\t\t<div class=\"elementor-element elementor-element-313a935a e-con-full e-flex e-con e-parent\" data-id=\"313a935a\" data-element_type=\"container\" data-e-type=\"container\" id=\"scrollup\" data-settings=\"{&quot;background_background&quot;:&quot;classic&quot;}\">\n\t\t<div class=\"elementor-element elementor-element-243c231 e-con-full e-flex e-con e-child\" data-id=\"243c231\" data-element_type=\"container\" data-e-type=\"container\" data-settings=\"{&quot;background_background&quot;:&quot;classic&quot;}\">\n\t\t<div class=\"elementor-element elementor-element-fadb52f e-con-full e-flex e-con e-child\" data-id=\"fadb52f\" data-element_type=\"container\" data-e-type=\"container\" data-settings=\"{&quot;background_background&quot;:&quot;classic&quot;}\">\n\t\t\t\t<div class=\"elementor-element elementor-element-89c264d elementor-widget elementor-widget-heading\" data-id=\"89c264d\" data-element_type=\"widget\" data-e-type=\"widget\" data-widget_type=\"heading.default\">\n\t\t\t\t<div class=\"elementor-widget-container\">\n\t\t\t\t\t<h3 class=\"elementor-heading-title elementor-size-large\">Publication<\/h3>\t\t\t\t<\/div>\n\t\t\t\t<\/div>\n\t\t\t\t<div class=\"elementor-element elementor-element-6bb5f09 elementor-widget elementor-widget-heading\" data-id=\"6bb5f09\" data-element_type=\"widget\" data-e-type=\"widget\" data-widget_type=\"heading.default\">\n\t\t\t\t<div class=\"elementor-widget-container\">\n\t\t\t\t\t<h3 class=\"elementor-heading-title elementor-size-default\">2025<\/h3>\t\t\t\t<\/div>\n\t\t\t\t<\/div>\n\t\t\t\t<div class=\"elementor-element elementor-element-5bbe970 elementor-widget elementor-widget-text-editor\" data-id=\"5bbe970\" data-element_type=\"widget\" data-e-type=\"widget\" data-widget_type=\"text-editor.default\">\n\t\t\t\t<div class=\"elementor-widget-container\">\n\t\t\t\t\t\t\t\t\t<p><span style=\"font-weight: bold\">Pinning-Induced Microdroplet Self-Transport<\/span><br \/>Cha, H., Kim, M.-K., Chang, H. C., Zhang, L., and N. Miljkovic<br \/><a href=\"https:\/\/pubs.acs.org\/doi\/10.1021\/acsnano.4c16960\" target=\"_blank\" rel=\"noopener\"><i>ACS Nano<\/i>, <span class=\"cit-volume\">19<\/span><span class=\"cit-issue\"> (11)<\/span><span class=\"cit-pageRange\">, 11049\u201311057<\/span>, 2025<\/a><\/p>\t\t\t\t\t\t\t\t<\/div>\n\t\t\t\t<\/div>\n\t\t\t\t<div class=\"elementor-element elementor-element-8675b7f elementor-widget elementor-widget-heading\" data-id=\"8675b7f\" data-element_type=\"widget\" data-e-type=\"widget\" data-widget_type=\"heading.default\">\n\t\t\t\t<div class=\"elementor-widget-container\">\n\t\t\t\t\t<h3 class=\"elementor-heading-title elementor-size-default\">2023<\/h3>\t\t\t\t<\/div>\n\t\t\t\t<\/div>\n\t\t\t\t<div class=\"elementor-element elementor-element-5eb1c09 elementor-widget elementor-widget-text-editor\" data-id=\"5eb1c09\" data-element_type=\"widget\" data-e-type=\"widget\" data-widget_type=\"text-editor.default\">\n\t\t\t\t<div class=\"elementor-widget-container\">\n\t\t\t\t\t\t\t\t\t<p><span style=\"font-weight: bold\">Design Considerations for Next-Generation Sorbent-Based Atmospheric Water Harvesting Devices<\/span><br \/>Wilson, C. T., Cha, H., Zhong, Y., Li, A., Lin, E., and El Fil, B.<br \/><a href=\"https:\/\/doi.org\/10.1016\/j.device.2023.100052\" target=\"_blank\" rel=\"noopener\"><i>Device<\/i>, 1 (2), 10052, 2023<\/a><\/p><p><span style=\"font-weight: bold\">Ultra-resilient multi-layer fluorinated diamond like carbon hydrophobic surfaces<\/span><br \/>Hoque, M.J., Li, L., Ma, J., Cha, H., Sett, S., Yan, X., Rabbi, K. F., Ho, J. Y., Khodakarami, S., Suwala, J., Mohammadmoradi, O., Ince, G. O., and Miljkovic, N.<br \/><a href=\"https:\/\/doi.org\/10.1038\/s41467-023-40229-6\" target=\"_blank\" rel=\"noopener\"><i>Nature Communications,\u00a0<\/i>14, 4902, 2023<\/a><\/p><p><span style=\"font-weight: bold\">Capillary Transfer of Self-Assembled Colloidal Crystals<br \/><\/span>D\u00edaz-Mar\u00edn, C. D., Li, D., V\u00e1zquez-Cosme, F. J., Pajovic, S., Cha, H., Song, Y., Kilpatrick, C., Vaartstra, G., Wilson, C. T., Boriskina, S., and Wang, E. N.<br \/><a href=\"https:\/\/doi.org\/10.1021\/acs.nanolett.2c04896\" target=\"_blank\" rel=\"noopener\"><i>Nano Letters<\/i>, 23 (5), 1888\u20131896, 2023<\/a><\/p>\t\t\t\t\t\t\t\t<\/div>\n\t\t\t\t<\/div>\n\t\t\t\t<div class=\"elementor-element elementor-element-38104e2 elementor-widget elementor-widget-heading\" data-id=\"38104e2\" data-element_type=\"widget\" data-e-type=\"widget\" data-widget_type=\"heading.default\">\n\t\t\t\t<div class=\"elementor-widget-container\">\n\t\t\t\t\t<h3 class=\"elementor-heading-title elementor-size-default\">2022<\/h3>\t\t\t\t<\/div>\n\t\t\t\t<\/div>\n\t\t\t\t<div class=\"elementor-element elementor-element-481a0ca elementor-widget elementor-widget-text-editor\" data-id=\"481a0ca\" data-element_type=\"widget\" data-e-type=\"widget\" data-widget_type=\"text-editor.default\">\n\t\t\t\t<div class=\"elementor-widget-container\">\n\t\t\t\t\t\t\t\t\t<p><b>Three-Tier Hierarchical Structures for Extreme Pool Boiling Heat Transfer Performance<\/b><br \/>Song, Y., D\u00edaz\u2010Mar\u00edn, C. D., Zhang, L., Cha, H., Zhao, Y., and Wang, E. N.<br \/><a href=\"https:\/\/doi.org\/10.1002\/adma.202200899\" target=\"_blank\" rel=\"noopener\"><i>Advanced Materials<\/i>, 34 (32), 2200899, 2022<\/a><br \/>Highlighted in\u00a0<a href=\"https:\/\/news.mit.edu\/2022\/boiling-surfaces-efficient-0712\" target=\"_blank\" rel=\"noopener\">MIT News<\/a>,\u00a0<a href=\"https:\/\/climate.mit.edu\/posts\/mit-engineers-design-surfaces-make-water-boil-more-efficiently\" target=\"_blank\" rel=\"noopener\">MIT Climate Portal<\/a>, <a href=\"http:\/\/sustainability.mit.edu\/article\/mit-engineers-design-surfaces-make-water-boil-more-efficiently\">MIT Sustainability<\/a>,\u00a0<a href=\"https:\/\/scitechdaily.com\/mit-engineers-find-a-way-to-save-energy-and-make-water-boil-more-efficiently\/\" target=\"_blank\" rel=\"noopener\">SciTechDaily<\/a>,\u00a0<a href=\"https:\/\/interestingengineering.com\/innovation\/mit-boil-water-quickly\" target=\"_blank\" rel=\"noopener\">Interesting Engineering<\/a>, etc.<\/p><p><b>Enhancement of Boiling with Scalable Sandblasted Surfaces <\/b><br \/>Song, Y., Wang, C., Preston, D. J., Su, G., Rahman, M. M., Cha, H., Seong, J. H., Philips, B., Bucci, M., and Wang, E. N.<br \/><a href=\"https:\/\/doi.org\/10.1021\/acsami.1c22207\" target=\"_blank\" rel=\"noopener\"><i>ACS Applied Materials &amp; Interfaces<\/i>, 14 (7), 9788-9794, 2022<\/a><\/p><p><b>The Apparent Surface Free Energy of Rare Earth Oxides is Governed by Hydrocarbon Adsorption<br \/><\/b>Oh, J., Orejon, D., Park, W., Cha, H., Sett, S., Yokoyama, Y., Thor\u00e9ton, V., Takata, Y., and Miljkovic, N.<br \/><a href=\"https:\/\/doi.org\/10.1016\/j.isci.2021.103691\" target=\"_blank\" rel=\"noopener\"><i>iScience<\/i>, 25 (1), 103691, 2022<\/a><\/p>\t\t\t\t\t\t\t\t<\/div>\n\t\t\t\t<\/div>\n\t\t\t\t<div class=\"elementor-element elementor-element-7d0be4e elementor-widget elementor-widget-heading\" data-id=\"7d0be4e\" data-element_type=\"widget\" data-e-type=\"widget\" data-widget_type=\"heading.default\">\n\t\t\t\t<div class=\"elementor-widget-container\">\n\t\t\t\t\t<h3 class=\"elementor-heading-title elementor-size-default\">2021<\/h3>\t\t\t\t<\/div>\n\t\t\t\t<\/div>\n\t\t\t\t<div class=\"elementor-element elementor-element-b66092d elementor-widget elementor-widget-text-editor\" data-id=\"b66092d\" data-element_type=\"widget\" data-e-type=\"widget\" data-widget_type=\"text-editor.default\">\n\t\t\t\t<div class=\"elementor-widget-container\">\n\t\t\t\t\t\t\t\t\t<p><b>Alteration of Pool Boiling Heat Transfer on Metallic Surfaces by In Situ Oxidation<br \/><\/b>Song, Y., Cha, H., Liu, Z., Seong, J. H., Zhang, L., Preston, D. J., and Wang, E. N.<br \/><a href=\"https:\/\/doi.org\/10.1016\/j.ijheatmasstransfer.2021.122320\" target=\"_blank\" rel=\"noopener\"><em>International Journal of Heat and Mass Transfer<\/em>, 185, 122320, 2021<\/a><\/p><p><b>Lubricant-Infused Surfaces for Low Surface Tension Fluids: Extent of Lubricant Miscibility<br \/><\/b>Sett, S., Oh, J., Cha, H., Veriotti, T., Bruno, A., Yan, X., Barac, G., Bolton, L., and Miljkovic, N.<br \/><a href=\"https:\/\/doi.org\/10.1021\/acsami.1c02716\" target=\"_blank\" rel=\"noopener\"><i>ACS Applied Materials &amp; Interfaces<\/i>, 13 (19), 23121-23133, 2021<\/a><i><br \/><\/i><\/p>\t\t\t\t\t\t\t\t<\/div>\n\t\t\t\t<\/div>\n\t\t\t\t<div class=\"elementor-element elementor-element-27a6af8 elementor-widget elementor-widget-heading\" data-id=\"27a6af8\" data-element_type=\"widget\" data-e-type=\"widget\" data-widget_type=\"heading.default\">\n\t\t\t\t<div class=\"elementor-widget-container\">\n\t\t\t\t\t<h3 class=\"elementor-heading-title elementor-size-default\">2020<\/h3>\t\t\t\t<\/div>\n\t\t\t\t<\/div>\n\t\t\t\t<div class=\"elementor-element elementor-element-6503bda elementor-widget elementor-widget-text-editor\" data-id=\"6503bda\" data-element_type=\"widget\" data-e-type=\"widget\" data-widget_type=\"text-editor.default\">\n\t\t\t\t<div class=\"elementor-widget-container\">\n\t\t\t\t\t\t\t\t\t<p><b>Enhanced Condensation on Liquid-Infused Nanoporous Surfaces by Vibration-Assisted Droplet Sweeping<br \/><\/b>Oh, I., Cha, H., Chen, J., Chavan, S., Awad, A., Darwish, O., Miljkovic, N., and Hu, Y.<br \/><a href=\"https:\/\/doi.org\/10.1021\/acsnano.0c05223\" target=\"_blank\" rel=\"noopener\"><i>ACS Nano<\/i>, 14 (10), 13367\u201313379, 2020<\/a><\/p><p><b>Electrothermal Soft Manipulator Enabling Rapid Transport and Handling of Thin Biological Sheets and Electronic Devices<br \/><\/b>Kim, B. S., Kim, M. K., Cho, Y., Hamed, E. E., Gillette, M. U., Cha, H., Miljkovic, N., Aakalu, V. K., Kang, K., Son, K. N., Schachtschneider, K. M., Schook, L. B., Hu, C., Popescu, G., Balance, W. C., Yu, S., Im, S. G., Lee, J., Lee, C. H., and Kong, H.<br \/><a href=\"https:\/\/doi.org\/10.1126\/sciadv.abc5630\" target=\"_blank\" rel=\"noopener\"><i>Science Advances<\/i>, 6 (42), eabc5630, 2020<\/a>\u00a0<br \/><span style=\"color: var( --e-global-color-text );text-align: var(--text-align)\">Highlighted in\u00a0<\/span><a style=\"text-align: var(--text-align)\" href=\"https:\/\/news.illinois.edu\/view\/6367\/1745853877#:~:text=A%20new%20device%20inspired%20by,at%20Urbana%2DChampaign%20and%20collaborators.\" target=\"_blank\" rel=\"noopener\">Illinois News Bureau<\/a><span style=\"color: var( --e-global-color-text );text-align: var(--text-align)\">,\u00a0<\/span><a style=\"text-align: var(--text-align)\" href=\"https:\/\/www.imeche.org\/news\/news-article\/octopus-inspired-sucker-transfers-thin-delicate-tissue-grafts-and-biosensors\" target=\"_blank\" rel=\"noopener\">IMechE<\/a><span style=\"color: var( --e-global-color-text );text-align: var(--text-align)\">,\u00a0<\/span><a style=\"text-align: var(--text-align)\" href=\"https:\/\/www.medicaldesignbriefs.com\/component\/content\/article\/mdb\/insiders\/mdb\/stories\/38049\" target=\"_blank\" rel=\"noopener\">Medical Design Briefs<\/a><span style=\"color: var( --e-global-color-text );text-align: var(--text-align)\">,\u00a0<\/span><a style=\"text-align: var(--text-align)\" href=\"https:\/\/www.nanotech-now.com\/news.cgi?story_id=56389\" target=\"_blank\" rel=\"noopener\">Nanotechnology Now<\/a><span style=\"color: var( --e-global-color-text );text-align: var(--text-align)\">,\u00a0<\/span><a style=\"text-align: var(--text-align)\" href=\"https:\/\/eandt.theiet.org\/content\/articles\/2020\/10\/octopus-like-sucker-transfers-thin-tissues-and-electronics\/\" target=\"_blank\" rel=\"noopener\">E&amp;T Magazine<\/a><span style=\"color: var( --e-global-color-text );text-align: var(--text-align)\">, etc.<\/span><\/p><p><b>Breaking Droplet Jumping Energy Conversion Limits with Superhydrophobic Microgrooves<br \/><\/b>Peng, Q., Yan, X., Li, J., Li, L., Cha, H., Ding, Y., Dang, C., Li, J., and Miljkovic, N.<br \/><a href=\"https:\/\/doi.org\/10.1021\/acs.langmuir.0c01494\" target=\"_blank\" rel=\"noopener\"><i>Langmuir<\/i>, 36 (21), 9510-9522, 2020<\/a><\/p><p><b>Recent Developments, Challenges, and Pathways to Stable Dropwise Condensation: A Perspective<\/b><br \/>Ma, J., Sett, S., Cha, H., Yang, X., and Miljkovic, N.<br \/><a href=\"https:\/\/doi.org\/10.1063\/5.0011642\" target=\"_blank\" rel=\"noopener\"><i>Applied Physics Letters<\/i>, 116, 260501, 2020\u00a0<\/a><br \/><a href=\"https:\/\/sci.scientific-direct.net\/view_online.asp?1770481&amp;90497b2e5b5909fe&amp;18\" target=\"_blank\" rel=\"noopener\">APL\u2019s Most Cited Research<\/a><\/p><p><b>Atmosphere-Mediated Scalable and Durable Biphilicity on Rationally Designed Structured Surfaces<\/b><br \/>Yan, X., Chen, F., Zhang, X., Qin, Y., Zhao, C., Sett, S., Cha, H., Hoque, M. J., Zhao, F., Huang, Z., and Miljkovic, N.<br \/><a href=\"https:\/\/doi.org\/10.1002\/admi.202000475\" target=\"_blank\" rel=\"noopener\"><i>Advanced Materials Interfaces<\/i>, 7 (13), 2000475, 2020<\/a><\/p><p><b>High-Throughput Stamping of Hybrid Functional Surfaces<\/b><br \/>Hoque, M. J., Yan, X., Keum, H., Li, L., Cha, H., Park, J. K., Kim, S., and Miljkovic, N.<br \/><a href=\"https:\/\/doi.org\/10.1021\/acs.langmuir.0c00416\" target=\"_blank\" rel=\"noopener\"><i>Langmuir<\/i>, 36 (21), 5730\u20135744, 2020<\/a><\/p><p><b>Dropwise condensation on Solid Hydrophilic Surfaces<\/b><br \/>Cha, H.<sup>*<\/sup>, Vahabi, H.<sup>*<\/sup>, Wu, A., Chavan, S., Kim, M.-K., Wang, W., Kota, A. K., and Miljkovic<br \/>*Equal Contribution<br \/><a href=\"https:\/\/doi.org\/10.1126\/sciadv.aax0746\" target=\"_blank\" rel=\"noopener\"><i>Science Advances<\/i>, 6 (2), eaax0746, 2020<\/a><br \/>Highlighted in\u00a0<a href=\"https:\/\/news.illinois.edu\/view\/6367\/805618\" target=\"_blank\" rel=\"noopener\">Illinois News Bureau<\/a>,\u00a0<a href=\"https:\/\/mechse.illinois.edu\/news\/new-understanding-condensation-could-lead-better-power-plant-condenser-de-icing-materials\" target=\"_blank\" rel=\"noopener\">UIUC MechSE News<\/a>,\u00a0<a href=\"https:\/\/www.eurekalert.org\/news-releases\/704040\" target=\"_blank\" rel=\"noopener\">EurekAlert!<\/a>,\u00a0<a href=\"https:\/\/www.sciencedaily.com\/releases\/2020\/01\/200123115932.htm\" target=\"_blank\" rel=\"noopener\">Science Daily<\/a>,\u00a0<a href=\"https:\/\/phys.org\/news\/2020-01-condensation-power-condenser-de-icing-materials.html\" target=\"_blank\" rel=\"noopener\">Phys.org<\/a>,\u00a0<a href=\"https:\/\/bioengineer.org\/new-understanding-of-condensation-could-lead-to-better-power-plant-condenser-de-icing-materials\/\" target=\"_blank\" rel=\"noopener\">Bioengineer.org<\/a>,\u00a0<a href=\"https:\/\/www.azom.com\/news.aspx?newsID=52867\" target=\"_blank\" rel=\"noopener\">AZoM<\/a>,\u00a0<a href=\"https:\/\/noticiasdelaciencia.com\/archive\/36367\/new-understanding-of-condensation-could-lead-to-better-power-plant-condenser-de-icing-materials\" target=\"_blank\" rel=\"noopener\">NCYT<\/a>, etc.<\/p>\t\t\t\t\t\t\t\t<\/div>\n\t\t\t\t<\/div>\n\t\t\t\t<div class=\"elementor-element elementor-element-9c1837d elementor-widget elementor-widget-heading\" data-id=\"9c1837d\" data-element_type=\"widget\" data-e-type=\"widget\" data-widget_type=\"heading.default\">\n\t\t\t\t<div class=\"elementor-widget-container\">\n\t\t\t\t\t<h3 class=\"elementor-heading-title elementor-size-default\">2019<\/h3>\t\t\t\t<\/div>\n\t\t\t\t<\/div>\n\t\t\t\t<div class=\"elementor-element elementor-element-dd45cb2 elementor-widget elementor-widget-text-editor\" data-id=\"dd45cb2\" data-element_type=\"widget\" data-e-type=\"widget\" data-widget_type=\"text-editor.default\">\n\t\t\t\t<div class=\"elementor-widget-container\">\n\t\t\t\t\t\t\t\t\t<p><b>In Situ Droplet Microgoniometry Using Optical Microscopy<\/b><br \/>Cha, H., Ma, J., Kim, Y. S., Li, L., Sun, L., Tong, J., and Miljkovic, N.<br \/><a href=\"https:\/\/doi.org\/10.1021\/acsnano.9b06687\" target=\"_blank\" rel=\"noopener\"><i>ACS Nano<\/i>, 13 (11), 113343-13353, 2019<\/a><\/p><p><b>Condensation Induced Delamination of Nanoscale Hydrophobic Films<\/b><br \/>Ma, J., Cha, H., Kim, M.-K., Cahill, D. G., and Miljkovic, N.<br \/><a href=\"https:\/\/doi.org\/10.1002\/adfm.201905222\" target=\"_blank\" rel=\"noopener\"><i>Advanced Functional Materials<\/i>, 29 (43), 1905222, 2019<\/a><\/p><p><b>Ultra-scalable multifunctional nanoengineered copper and aluminum for anti-adhesion and bactericidal applications<\/b><br \/>Reed, J., Gonsalves, A. E., Rom\u00e1n, J. K., Oh, J., Cha, H., Dana, C. E., Toc, M. A., Hong, S., Hoffman, J. B., Andrade, J. E., Jo, K. D., Alleyne, M., Miljkovic, N., and Cropek, D. M.<br \/><a href=\"https:\/\/doi.org\/10.1021\/acsabm.8b00765\" target=\"_blank\" rel=\"noopener\"><i>ACS Applied Bio Materials<\/i>, 2 (7), 2726-2737, 2019<\/a><\/p><p><b>Atmospheric-Mediated Superhydrophobicity of Rationally Designed Micro\/Nanostructured Surfaces<\/b><br \/>Yan, X., Huang, Z., Sett, S., Oh, J., Cha, H., Li, L., Feng, L., and Miljkovic, N.<br \/><a href=\"https:\/\/doi.org\/10.1021\/acsnano.8b09106\" target=\"_blank\" rel=\"noopener\"><i>ACS Nano<\/i>, 13 (4), 4160-4173, 2019<\/a><\/p>\t\t\t\t\t\t\t\t<\/div>\n\t\t\t\t<\/div>\n\t\t\t\t<div class=\"elementor-element elementor-element-2af07cf elementor-widget elementor-widget-heading\" data-id=\"2af07cf\" data-element_type=\"widget\" data-e-type=\"widget\" data-widget_type=\"heading.default\">\n\t\t\t\t<div class=\"elementor-widget-container\">\n\t\t\t\t\t<h3 class=\"elementor-heading-title elementor-size-default\">2017<\/h3>\t\t\t\t<\/div>\n\t\t\t\t<\/div>\n\t\t\t\t<div class=\"elementor-element elementor-element-495d287 elementor-widget elementor-widget-text-editor\" data-id=\"495d287\" data-element_type=\"widget\" data-e-type=\"widget\" data-widget_type=\"text-editor.default\">\n\t\t\t\t<div class=\"elementor-widget-container\">\n\t\t\t\t\t\t\t\t\t<p><b>Nanoscale-Agglomerate-Mediated Heterogeneous Nucleation<\/b><br \/>Cha, H., Wu, A., Kim, M.-K., Saigusa, K., Liu, A., and Miljkovic, N.<br \/><a href=\"https:\/\/doi.org\/10.1021\/acs.nanolett.7b03479\" target=\"_blank\" rel=\"noopener\"><i>Nano Letters<\/i>, 17 (12), 7544-7551, 2017<\/a><\/p><p><b>Focal Plane Shift Imaging for the Analysis of Multi-Droplet Jumping<\/b><br \/>Cha, H., Chun, J. M., Xu, Y., and Miljkovic, N.<br \/><a href=\"https:\/\/doi.org\/10.1115\/1.4035573\" target=\"_blank\" rel=\"noopener\"><i>Journal of Heat Transfer<\/i>, 139 (2), 020903, 2017<\/a><\/p>\t\t\t\t\t\t\t\t<\/div>\n\t\t\t\t<\/div>\n\t\t\t\t<div class=\"elementor-element elementor-element-fc9824e elementor-widget elementor-widget-heading\" data-id=\"fc9824e\" data-element_type=\"widget\" data-e-type=\"widget\" data-widget_type=\"heading.default\">\n\t\t\t\t<div class=\"elementor-widget-container\">\n\t\t\t\t\t<h3 class=\"elementor-heading-title elementor-size-default\">2016<\/h3>\t\t\t\t<\/div>\n\t\t\t\t<\/div>\n\t\t\t\t<div class=\"elementor-element elementor-element-bae8703 elementor-widget elementor-widget-text-editor\" data-id=\"bae8703\" data-element_type=\"widget\" data-e-type=\"widget\" data-widget_type=\"text-editor.default\">\n\t\t\t\t<div class=\"elementor-widget-container\">\n\t\t\t\t\t\t\t\t\t<p><b>Coalescence-induced nanodroplet jumping<\/b><br \/>Cha, H., Xu, C., Sotelo, J., Chun, J. M., Yokoyama, Y., Enright, R., and Miljkovic, N.<br \/><a href=\"https:\/\/doi.org\/10.1103\/PhysRevFluids.1.064102\" target=\"_blank\" rel=\"noopener\"><i>Physical Review Fluids<\/i>, 1 (6), 064102, 2016<\/a><\/p><p><b>Focal Plane Shift Imaging for the Analysis of Dynamic Wetting Processes<\/b><br \/>Cha, H., Chun, J. M., Sotelo, J., and Miljkovic, N.<br \/><a href=\"https:\/\/doi.org\/10.1021\/acsnano.6b03859\" target=\"_blank\" rel=\"noopener\"><i>ACS Nano<\/i>, 10 (9), 8223-8232, 2016<\/a><\/p><p><b>Heat Transfer through a Condensate Droplet on Hydrophobic and Nanostructured Superhydrophobic Surfaces<\/b><br \/>Chavan, S., <u>Cha<\/u>, <u>H.,<\/u> Orejon, D., Nawaz, K., Singla, N., Yeung, Y.-F., Park, D., Kang, D. H., Chang, Y., Takata, Y., and Miljkovic, N.<br \/><a href=\"https:\/\/doi.org\/10.1021\/acs.langmuir.6b01903\" target=\"_blank\" rel=\"noopener\"><i>Langmuir<\/i>, 32 (31), 7774-7787, 2016<\/a><\/p>\t\t\t\t\t\t\t\t<\/div>\n\t\t\t\t<\/div>\n\t\t\t\t<div class=\"elementor-element elementor-element-1857e0f elementor-widget elementor-widget-heading\" data-id=\"1857e0f\" data-element_type=\"widget\" data-e-type=\"widget\" data-widget_type=\"heading.default\">\n\t\t\t\t<div class=\"elementor-widget-container\">\n\t\t\t\t\t<h3 class=\"elementor-heading-title elementor-size-default\">2015<\/h3>\t\t\t\t<\/div>\n\t\t\t\t<\/div>\n\t\t\t\t<div class=\"elementor-element elementor-element-40de46c elementor-widget elementor-widget-text-editor\" data-id=\"40de46c\" data-element_type=\"widget\" data-e-type=\"widget\" data-widget_type=\"text-editor.default\">\n\t\t\t\t<div class=\"elementor-widget-container\">\n\t\t\t\t\t\t\t\t\t<p><b>Enhanced Jumping-Droplet Departure<\/b><br \/>Kim, M.-K., Cha, H., Birbarah, P., Chavan, S., Zhong, C., Xu, Y., and Miljkovic, N.<br \/><a href=\"https:\/\/doi.org\/10.1021\/acs.langmuir.5b03778\" target=\"_blank\" rel=\"noopener\"><em>Langmuir<\/em>, 31 (49), 13452-13466, 2015<\/a><\/p><p><b>Solution-Mediated Selective Nanosoldering of Carbon Nanotube Junctions for Improved Device Performance<\/b><br \/>Do, J., Chang, N. N., Estrada, D., Lian, F., Cha<strong>,<\/strong> H., Duan, X. J., Haasch, R. T., Pop, E., Girolami, G. S., and Lyding, J. W.<br \/><a href=\"https:\/\/doi.org\/10.1021\/nn505552d\" target=\"_blank\" rel=\"noopener\"><i>ACS Nano<\/i>, 9 (5), 4806\u20134813, 2015<\/a><br \/>Highlighted in\u00a0<a href=\"https:\/\/news.illinois.edu\/view\/6367\/204363\" target=\"_blank\" rel=\"noopener\">Illinois News Bureau<\/a>,\u00a0<a href=\"https:\/\/ece.illinois.edu\/newsroom\/news\/3370\" target=\"_blank\" rel=\"noopener\">UIUC ECE News<\/a>,\u00a0<a href=\"https:\/\/cacm.acm.org\/news\/185996-electronic-device-performance-enhanced-with-new-transistor-encasing-method\/fulltext\" target=\"_blank\" rel=\"noopener\">Communications of the ACM<\/a>, and\u00a0<a href=\"https:\/\/www.nanowerk.com\/nanotechnology-news\/newsid=39820.php\" target=\"_blank\" rel=\"noopener\">Nanowerk<\/a>.<\/p>\t\t\t\t\t\t\t\t<\/div>\n\t\t\t\t<\/div>\n\t\t\t\t<\/div>\n\t\t\t\t<\/div>\n\t\t\t\t<\/div>\n\t\t<div class=\"elementor-element elementor-element-1b0cd19 e-flex e-con-boxed e-con e-parent\" data-id=\"1b0cd19\" data-element_type=\"container\" data-e-type=\"container\">\n\t\t\t\t\t<div class=\"e-con-inner\">\n\t\t\t\t\t<\/div>\n\t\t\t\t<\/div>\n\t\t<div class=\"elementor-element elementor-element-f991d6c e-flex e-con-boxed e-con e-parent\" data-id=\"f991d6c\" data-element_type=\"container\" data-e-type=\"container\">\n\t\t\t\t\t<div class=\"e-con-inner\">\n\t\t\t\t<div class=\"elementor-element elementor-element-da708d4 elementor-widget__width-initial elementor-fixed elementor-view-default elementor-invisible elementor-widget elementor-widget-icon\" data-id=\"da708d4\" data-element_type=\"widget\" data-e-type=\"widget\" data-settings=\"{&quot;_position&quot;:&quot;fixed&quot;,&quot;_animation&quot;:&quot;slideInRight&quot;}\" data-widget_type=\"icon.default\">\n\t\t\t\t<div class=\"elementor-widget-container\">\n\t\t\t\t\t\t\t<div class=\"elementor-icon-wrapper\">\n\t\t\t<a class=\"elementor-icon elementor-animation-grow\" href=\"#scrollup\">\n\t\t\t<svg aria-hidden=\"true\" class=\"e-font-icon-svg e-fas-chevron-up\" viewBox=\"0 0 448 512\" xmlns=\"http:\/\/www.w3.org\/2000\/svg\"><path d=\"M240.971 130.524l194.343 194.343c9.373 9.373 9.373 24.569 0 33.941l-22.667 22.667c-9.357 9.357-24.522 9.375-33.901.04L224 227.495 69.255 381.516c-9.379 9.335-24.544 9.317-33.901-.04l-22.667-22.667c-9.373-9.373-9.373-24.569 0-33.941L207.03 130.525c9.372-9.373 24.568-9.373 33.941-.001z\"><\/path><\/svg>\t\t\t<\/a>\n\t\t<\/div>\n\t\t\t\t\t\t<\/div>\n\t\t\t\t<\/div>\n\t\t\t\t\t<\/div>\n\t\t\t\t<\/div>\n\t\t\t\t<\/div>\n\t\t","protected":false},"excerpt":{"rendered":"<p>Publication 2025 Pinning-Induced Microdroplet Self-TransportCha, H., Kim, M.-K., Chang, H. C., Zhang, L., and N. MiljkovicACS Nano, 19 (11), 11049\u201311057, 2025 2023 Design Considerations for Next-Generation Sorbent-Based Atmospheric Water Harvesting &hellip; <a href=\"https:\/\/ubwp.buffalo.edu\/energy\/publication\/\" class=\"more-link\">Continue reading <span class=\"screen-reader-text\">Publication<\/span> <span class=\"meta-nav\">&rarr;<\/span><\/a><\/p>\n","protected":false},"author":575,"featured_media":0,"parent":0,"menu_order":0,"comment_status":"closed","ping_status":"closed","template":"elementor_header_footer","meta":{"footnotes":""},"class_list":["post-55","page","type-page","status-publish","hentry"],"aioseo_notices":[],"_links":{"self":[{"href":"https:\/\/ubwp.buffalo.edu\/energy\/wp-json\/wp\/v2\/pages\/55","targetHints":{"allow":["GET"]}}],"collection":[{"href":"https:\/\/ubwp.buffalo.edu\/energy\/wp-json\/wp\/v2\/pages"}],"about":[{"href":"https:\/\/ubwp.buffalo.edu\/energy\/wp-json\/wp\/v2\/types\/page"}],"author":[{"embeddable":true,"href":"https:\/\/ubwp.buffalo.edu\/energy\/wp-json\/wp\/v2\/users\/575"}],"replies":[{"embeddable":true,"href":"https:\/\/ubwp.buffalo.edu\/energy\/wp-json\/wp\/v2\/comments?post=55"}],"version-history":[{"count":40,"href":"https:\/\/ubwp.buffalo.edu\/energy\/wp-json\/wp\/v2\/pages\/55\/revisions"}],"predecessor-version":[{"id":1670,"href":"https:\/\/ubwp.buffalo.edu\/energy\/wp-json\/wp\/v2\/pages\/55\/revisions\/1670"}],"wp:attachment":[{"href":"https:\/\/ubwp.buffalo.edu\/energy\/wp-json\/wp\/v2\/media?parent=55"}],"curies":[{"name":"wp","href":"https:\/\/api.w.org\/{rel}","templated":true}]}}