{"id":266,"date":"2021-10-28T14:36:29","date_gmt":"2021-10-28T18:36:29","guid":{"rendered":"https:\/\/wpdev.acsu.buffalo.edu\/cspanlab\/?page_id=266"},"modified":"2024-05-21T15:46:15","modified_gmt":"2024-05-21T19:46:15","slug":"recent-publications","status":"publish","type":"page","link":"https:\/\/ubwp.buffalo.edu\/cspanlab\/recent-publications\/","title":{"rendered":"Recent Publications"},"content":{"rendered":"\n<p style=\"font-size:14px\"><strong>Heffner, C. C.,<\/strong> Jaekel, B. N., Newman, R. S., &amp; Goupell, M. J. (2021). Accuracy and cue use in word segmentation for cochlear-implant listeners and normal-hearing listeners presented vocoded speech<em>. The Journal of the Acoustical Society of America, 150<\/em>(4): 2936-2951.<\/p>\n\n\n\n<p style=\"font-size:14px\"><strong>Heffner, C. C.,<\/strong> &amp; Myers, E. B. (2021). Individual differences in phonetic plasticity across native and non-native contexts. <em>Journal of Speech, Language, and Hearing Research, 64<\/em>(10): 3720-3733.<\/p>\n\n\n\n<p style=\"font-size:14px\"><strong>Heffner, C. C.,<\/strong> Newman, R. S., &amp; Idsardi, W. J. (2021). Action at a distance: Long-distance rate adaptation in event perception. <em>Quarterly Journal of Experimental Psychology, 74<\/em>(2): 312-325.<\/p>\n\n\n\n<p style=\"font-size:14px\"><strong>Heffner, C. C.,<\/strong> Idsardi, W. J., &amp; Newman, R. S. (2019). Constraints on learning disjunctive, unidimensional auditory and phonetic categories. <em>Attention, Perception, and Psychophysics, 81<\/em>(4): 958-980.<\/p>\n\n\n\n<p style=\"font-size:14px\">Liter, A., Huelskamp, A., <strong>Heffner, C. C.,<\/strong> &amp; Schmitt, C. (2018). Grammaticalized number, implicated presuppositions, and the plural. <em>Glossa, 3<\/em>(1): 39.<\/p>\n\n\n\n<p style=\"font-size:14px\">Liter, A., <strong>Heffner, C. C.,<\/strong> &amp; Schmitt, C. (2017). The interpretation of plural morphology and (non-)obligatory number marking: An argument from artificial language learning. <em>Language Learning and Development, 13<\/em>(4): 451-480.<\/p>\n\n\n\n<p style=\"font-size:14px\"><strong>Heffner, C. C.,<\/strong> Newman, R. S., &amp; Idsardi, W. J. (2017). Support for context effects on segmentation and segments depends on the context. <em>Attention, Perception, &amp; Psychophysics, 79<\/em>(3): 964-988.<\/p>\n\n\n\n<p style=\"font-size:14px\">Neufeld, C., Kramer, S. E., Lapinskaya, N., <strong>Heffner, C. C.,<\/strong> Malko, A., &amp; Lau, E. F. (2016). The electrophysiology of basic phrase building. <em>PLoS ONE, 11<\/em>(10): e0158446.<\/p>\n\n\n\n<p style=\"font-size:14px\"><strong>Heffner, C. C.,<\/strong> &amp; Slevc, L. R. (2015). Prosodic structure as a parallel to musical structure. <em>Frontiers in Psychology, 6<\/em>, 1962.<\/p>\n\n\n\n<p style=\"font-size:14px\">Morrill, T. H., Baese-Berk, M., <strong>Heffner, C. C.,<\/strong> &amp; Dilley, L. C. (2015). Interactions between distal speech rate, linguistic knowledge, and speech environment. <em>Psychonomic Bulletin and Review, 22<\/em>(5): 1451-1457.<\/p>\n\n\n\n<p style=\"font-size:14px\"><strong>Heffner, C. C.,<\/strong> Newman, R. S., Dilley, L. C., &amp; Idsardi, W. J. (2015). Age-related differences in speech rate perception do not necessarily entail age-related differences in speech rate use. <em>Journal of Speech, Language, and Hearing Research, 58<\/em>(4): 1341-1349.<\/p>\n\n\n\n<p style=\"font-size:14px\">Baese-Berk, M., <strong>Heffner, C. C.,<\/strong> Dilley, L. C., Pitt, M. A., Morrill, T., &amp; McAuley, J. D. (2014). Long-term temporal tracking of speech rate affects spoken-word recognition. <em>Psychological Science, 25<\/em>(8): 1546-1553.<\/p>\n\n\n\n<p style=\"font-size:14px\"><strong>Heffner, C. C.,<\/strong> Dilley, L. C., McAuley, J. D., &amp; Pitt, M. (2013). When cues combine: How distal and proximal acoustic cues are integrated in word segmentation. <em>Journal of Language and Cognitive Processes, 28<\/em>(9): 1275-1302.<\/p>\n\n\n\n<p style=\"font-size:14px\">Dilley, L. C., &amp; <strong>Heffner, C. C.<\/strong> (2013). The role of F0 alignment in distinguishing categories in American English intonation: Evidence from American English. <em>Journal of Speech Sciences, 3<\/em>: 3-67.<\/p>\n\n\n\n<h5 class=\"wp-block-heading has-text-color\" style=\"color:#0071a1\">Book Chapters<\/h5>\n\n\n\n<p style=\"font-size:14px\">Dilley, L., Wallace, J., &amp; <strong>Heffner, C.<\/strong> (2012). Perceptual isochrony and fluency in speech by normal talkers under varying task demands. In <em>Prosodies: Context, Function, and Communication<\/em>, O. Niebuhr and H. Pfitzinger (Eds.), <em>Language, Context, and Cognition series<\/em>, Walter deGruyter.<\/p>\n\n\n\n<h5 class=\"wp-block-heading has-text-color\" style=\"color:#0071a1\">Conference Presentations<\/h5>\n\n\n\n<p style=\"font-size:15px\"><em>Research Focused<\/em><\/p>\n\n\n\n<p style=\"font-size:14px\"><strong>Heffner, C. C.<\/strong>  (2024, May). <em>Can aliens found in museums teach us about learning sound categories<\/em>. Lay language paper presented at the one-hundred-and-eighty-sixth meeting of the Acoustical Society of America, Ottawa, ON, Canada.<\/p>\n\n\n\n<p style=\"font-size:14px\"><strong>Heffner, C. C.,<\/strong> &amp; Myers, E. B. (2019, November). <em>Good (explicit) learners are good adapters: Cross-task correlations in phonetic plasticity<\/em>. Poster presented at the sixtieth meeting of the Psychonomic Society, Montr\u00e9al, QC, Canada.<\/p>\n\n\n\n<p style=\"font-size:14px\"><strong>Heffner, C. C.,<\/strong> &amp; Myers, E. B. (2019, August). <em>Behavioral and neural correlates of phonetic plasticity<\/em>. Poster presented at the eleventh annual meeting of the Society for Neurobiology of Language, Helsinki, Finland.<\/p>\n\n\n\n<p style=\"font-size:14px\"><strong>Heffner, C. C.,<\/strong> &amp; Myers, E. B. (2019, May). <em>Variability in context effects on rate adaptation within individuals<\/em>. Talk presented at the one-hundred-and-seventy-seventh meeting of the Acoustical Society of America (ASA), Louisville, KY.<\/p>\n\n\n\n<p style=\"font-size:14px\"><strong>Heffner, C. C.,<\/strong> &amp; Myers, E. B. (2018, November). <em>Reliability and individual differences in phonetic learning and adaptation<\/em>. Poster presented at the fifty-ninth annual meeting of the Psychonomic Society, New Orleans, LA.<\/p>\n\n\n\n<p style=\"font-size:14px\"><strong>Heffner, C.,<\/strong> Saltzman, D., Formica, S., &amp; Myers, E. (2018, August). <em>Impaired incidental phonetic learning in people with aphasia<\/em>. Poster presented at the tenth annual meeting of the Society for Neurobiology of Language, Qu\u00e9bec City, QC, Canada.<\/p>\n\n\n\n<p style=\"font-size:14px\"><strong>Heffner, C. C,<\/strong> Newman, R. S., &amp; Idsardi, W. J. (2017, November). <em>Viewers adapt to rate changes in event perception<\/em>. Poster presented at the fifty-eighth meeting of the Psychonomic Society, Vancouver, BC, Canada.<\/p>\n\n\n\n<p style=\"font-size:14px\"><strong>Heffner, C. C.,<\/strong> &amp; Slevc, L. R. (2017, August). <em>Musical ability predicts the ability to learn novel speech sound categories<\/em>. Poster presented at the 2017 Society for Music Perception and Cognition Meeting, San Diego, CA.<\/p>\n\n\n\n<p style=\"font-size:14px\">Dilley, L., Arjmandi, M. K., Ireland, Z., <strong>Heffner, C. C.,<\/strong> &amp; Pitt, M. (2016, December). <em>Glottalization, reduction, and acoustic variability in function words in American English<\/em>. Poster presented at the fifth Joint Meeting of the Acoustical Society of America and the Acoustical Society of Japan, Honolulu, Hawai\u2019i.<\/p>\n\n\n\n<p style=\"font-size:14px\"><strong>Heffner, C. C.,<\/strong> Al-Thowaini, B., &amp; Rytting, C. A. (2016, September). <em>Context speech rate can affect Arabic geminate perception<\/em>. Poster presented at the twenty-second International Congress on Acoustics, Buenos Aires, Argentina.<\/p>\n\n\n\n<p style=\"font-size:14px\"><strong>Heffner, C. C.,<\/strong> Jaekel, B., Newman, R. S., &amp; Goupell, M. (2016, January). <em>An exploratory study of word segmentation in CI users and vocoded speech<\/em>. Paper presented at the Mid-Atlantic Seminar on Hearing (MASH), College Park, MD.<\/p>\n\n\n\n<p style=\"font-size:14px\"><strong>Heffner, C. C.,<\/strong> Idsardi, W. J., &amp; Newman, R. S. (2015, November). <em>Support for a dual-systems model of speech sound category learning from goodness judgments<\/em>. Poster presented at the fifty-sixth annual meeting of the Psychonomic Society, Chicago, IL.<\/p>\n\n\n\n<p style=\"font-size:14px\">Liter, A., Huelskamp, A., <strong>Heffner, C. C.,<\/strong> &amp; Schmitt, C. (2015, October). <em>Non-grammaticalized number entails an exclusive interpretation of plural morphology<\/em>. Paper presented at the Workshop on the Linguistic and Cognitive Aspects of Quantification (LCQ 2015), Budapest, Hungary.<\/p>\n\n\n\n<p style=\"font-size:14px\"><strong>Heffner, C. C.,<\/strong> &amp; Newman, R. S. (2014, July). <em>A more slowly ticking clock isn\u2019t less useful<\/em>. Paper presented at the 2014 Universitas 21 Graduate Research Conference, Auckland, New Zealand.<\/p>\n\n\n\n<p style=\"font-size:14px\"><strong>Heffner, C. C.,<\/strong> &amp; Idsardi, W. J. (2014, January). <em>Limits on phonetic category learning<\/em>. Paper presented at the eighty-eighth annual Meeting of the Linguistics Society of America (LSA), Minneapolis, MN.<\/p>\n\n\n\n<p style=\"font-size:14px\"><strong>Heffner, C. C.,<\/strong> &amp; Newman, R. S. (2013, October). <em>Differences in timing perception may not entail differences in timing use<\/em>. Poster presented at the fifth international Aging and Speech Communication conference, Bloomington, IN.<\/p>\n\n\n\n<p style=\"font-size:14px\">Liter, A., <strong>Heffner, C. C.,<\/strong> &amp; Schmitt, C. (2013, October). <em>Inclusive plural interpretations depend on grammaticalized number: An argument from artificial language learning<\/em>. Paper presented at the Workshop on the Acquisition of Quantification, University of Massachusetts, Amherst, MA.<\/p>\n\n\n\n<p style=\"font-size:14px\"><strong>Heffner, C. C.,<\/strong> &amp; Newman, R. S. (2013, June). <em>Canadian oats and Canadian goats: Comparing distal cues to segmentation and segments<\/em>. Poster presented at the twenty-first International Congress on Acoustics, Montr\u00e9al, QC, Canada.<\/p>\n\n\n\n<p style=\"font-size:15px\"><em>Pedagogy- and Outreach-Focused<\/em><\/p>\n\n\n\n<p style=\"font-size:14px\"><strong>Heffner, C. C.<\/strong> (2016, April). <em>Turning students into researchers: Linguistics experiments in a collaborative classroom<\/em>. Paper presented at the Innovations in Teaching and Learning Conference, College Park, MD.<\/p>\n\n\n\n<p style=\"font-size:14px\">Lidz, J., Lau, E., <strong>Heffner, C.,<\/strong> Dudley, R., &amp; Phillips, C. (2015, January). <em>Expanding our reach and theirs with linguistics research<\/em>. Paper presented in the \u201cLinguistics for everyone: Tips and tricks for do-it-yourself-ers\u201d panel at the eighty-ninth annual Meeting of the Linguistics Society of America (LSA), Portland, OR.<\/p>\n\n\n\n<h5 class=\"wp-block-heading has-text-color\" style=\"color:#0071a1\">Invited Talks<\/h5>\n\n\n\n<p style=\"font-size:14px\"><strong>Heffner, C. C.<\/strong> (2020, November). <em>Phonetic Plasticity: Rate, Accent, and Learning<\/em>. Presented at the University of Illinois, Urbana-Champaign Department of Linguistics Colloquium (Remotely)<\/p>\n\n\n\n<div class=\"wp-block-group\"><div class=\"wp-block-group__inner-container is-layout-flow wp-block-group-is-layout-flow\">\n<div class=\"wp-block-group\"><div class=\"wp-block-group__inner-container is-layout-flow wp-block-group-is-layout-flow\">\n<p style=\"font-size:14px\"><strong>Heffner, C. C. <\/strong>(2019, August\/September\/October<em>). Individual Differences in Phonetic Plasticity: Rate, Accent, and Learning<\/em>. Presented at:<br>         \u2022 Institute for Computational Linguistics, University of Z\u00fcrich, Z\u00fcrich, Z\u00fcrich, Switzerland<br>         \u2022 Department of Linguistics and English Language, University of Edinburgh, Edinburgh, Scotland, UK<br>         \u2022 Department of Language and Linguistic Science, University of York, York, England, UK<br>         \u2022 Max Planck Institute for Empirical Aesthetics, Frankfurt, Hesse, Germany<br>         \u2022 Cognitive Science Colloquium Series, University at Buffalo, Buffalo, NY<\/p>\n<\/div><\/div>\n<\/div><\/div>\n\n\n\n<p style=\"font-size:14px\"><strong>Heffner, C. C.<\/strong> (2018, November). <em>Plasticity in phonetic representations<\/em>. Psycholinguistics lab meeting, University of Massachusetts Amherst, Amherst, MA.<\/p>\n\n\n\n<p style=\"font-size:14px\"><strong>Heffner, C. C.<\/strong> (2018, March). <em>Plasticity in phonetic learning: Limits and linkages in categorization<\/em>. Cognitive Science Colloquium, Villanova University, Villanova, PA.<\/p>\n\n\n\n<p style=\"font-size:14px\"><strong>Heffner, C. C.<\/strong> (2015, June). <em>Why do Europeans think that I\u2019m German? Studies of phonetic category learning<\/em>. University of T\u00fcbingen Mini-Workshop, T\u00fcbingen, Baden-W\u00fcrttemberg, Germany.<\/p>\n\n\n\n<p style=\"font-size:14px\"><strong>Heffner, C. C.<\/strong> (2015, April). <em>What\u2019s the difference between a Spartan and a Wolverine? An interdisciplinary study of phonetic category learning<\/em>. Michigan State Undergraduate Linguistics Conference (MSULC), East Lansing, MI<\/p>\n\n\n\n<p><\/p>\n","protected":false},"excerpt":{"rendered":"<p>Heffner, C. C., Jaekel, B. N., Newman, R. S., &amp; Goupell, M. J. (2021). Accuracy and cue use in word segmentation for cochlear-implant listeners and normal-hearing listeners presented vocoded speech. &hellip; <a href=\"https:\/\/ubwp.buffalo.edu\/cspanlab\/recent-publications\/\" class=\"more-link\">Continue reading <span class=\"screen-reader-text\">Recent Publications<\/span> <span class=\"meta-nav\">&rarr;<\/span><\/a><\/p>\n","protected":false},"author":487,"featured_media":0,"parent":0,"menu_order":9,"comment_status":"closed","ping_status":"closed","template":"","meta":{"footnotes":""},"class_list":["post-266","page","type-page","status-publish","hentry"],"_links":{"self":[{"href":"https:\/\/ubwp.buffalo.edu\/cspanlab\/wp-json\/wp\/v2\/pages\/266","targetHints":{"allow":["GET"]}}],"collection":[{"href":"https:\/\/ubwp.buffalo.edu\/cspanlab\/wp-json\/wp\/v2\/pages"}],"about":[{"href":"https:\/\/ubwp.buffalo.edu\/cspanlab\/wp-json\/wp\/v2\/types\/page"}],"author":[{"embeddable":true,"href":"https:\/\/ubwp.buffalo.edu\/cspanlab\/wp-json\/wp\/v2\/users\/487"}],"replies":[{"embeddable":true,"href":"https:\/\/ubwp.buffalo.edu\/cspanlab\/wp-json\/wp\/v2\/comments?post=266"}],"version-history":[{"count":1,"href":"https:\/\/ubwp.buffalo.edu\/cspanlab\/wp-json\/wp\/v2\/pages\/266\/revisions"}],"predecessor-version":[{"id":612,"href":"https:\/\/ubwp.buffalo.edu\/cspanlab\/wp-json\/wp\/v2\/pages\/266\/revisions\/612"}],"wp:attachment":[{"href":"https:\/\/ubwp.buffalo.edu\/cspanlab\/wp-json\/wp\/v2\/media?parent=266"}],"curies":[{"name":"wp","href":"https:\/\/api.w.org\/{rel}","templated":true}]}}