{"id":93,"date":"2020-02-20T01:17:11","date_gmt":"2020-02-20T06:17:11","guid":{"rendered":"http:\/\/wpdev.acsu.buffalo.edu\/anthropologygislab\/?page_id=93"},"modified":"2020-02-20T01:17:11","modified_gmt":"2020-02-20T06:17:11","slug":"publications","status":"publish","type":"page","link":"https:\/\/ubwp.buffalo.edu\/anthropologygislab\/publications\/","title":{"rendered":"Publications"},"content":{"rendered":"\n<p style=\"background-color:#005bbb\" class=\"has-text-color has-background has-white-color\">The Gastrointestinal Microbiome in Chronic Renal Diseases<br \/><br \/>Bryniarski M. A., Hoffman S. E. M., Yacoub R. (2020)<br \/>Current Oral Health Reports, 1-9<\/p>\n\n\n<p style=\"background-color:#005bbb\" class=\"has-text-color has-background has-white-color\">A Possible case of Facio-Auriculo-Vertebral sequence (FAVs) in an adult female from medieval Iceland (13th\u201316th Century)<br \/><br \/>Hoffman S., Sadler L., Totman T., Bagne L. (2019)<br \/>International journal of paleopathology 24, 41-47<\/p>\n\n\n<h4 class=\"wp-block-heading\" id=\"publication-hoffdissertation\"><a href=\"https:\/\/wpdev.acsu.buffalo.edu\/anthropologygislab\/projects\/haffjaroarey\/\">Link to Project Site: <\/a>Haffjar\u00f0arey<\/h4>\n\n\n<p style=\"background-color:#005bbb\" class=\"has-text-color has-background has-white-color\">Place, Practice, and Pathology in Medieval Iceland: A Bioarchaeological Analysis of the Human Skeletal Remains from the Church Cemetery at Haffjaroarey (ca. 1200-1563) <br \/><br \/>Hoffman, Sarah. (2019) <br \/>Doctoral dissertation, State University at Buffalo<\/p>\n\n\n<p style=\"background-color:#005bbb\" class=\"has-text-color has-background has-white-color\">Somewhere Beyond the Sea: 250 Years of Cemetery Disturbance and Bioarchaeology at Haffjar\u00f0arey, Western Iceland<br \/><br \/>Hoffman, S. (2019)<br \/>Chronika, Volume IX<\/p>\n\n\n<p style=\"background-color:#005bbb\" class=\"has-text-color has-background has-white-color\">A UNIFIED MODEL FOR THE GOVERNING DYNAMICS OF AGRICULTURAL FRONTIER ZONES<br \/><br \/>CHRISTOPHER BARBER TROSKOSKY, JONATHAN MARK WHITE, LUKAS GAI\u017dAUSKAS<br \/><a href=\"http:\/\/www.istorija.lt\/journals\/wp-content\/uploads\/2019\/12\/6-Lietuvos-archeologija-t.-45-A-UNIFIED-MODEL-FOR-THE-GOVERNING-DYNAMICS-p.-145-167.pdf\">LIETUVOS ARCHEOLOGIJA. 2019. T. 45, p. 145\u2013167. ISSN 0207-8694<br \/>https:\/\/doi.org\/10.33918\/25386514-045004<\/a><\/p>\n\n\n<p style=\"background-color:#005bbb\" class=\"has-text-color has-background has-white-color\">The Ghosts of Christmas Past: Folklore, Archaeology, and Place Abandonment at Haffjar\u00f0arey, Western Iceland<br \/><br \/>Hoffman, S. (2018)<br \/><a href=\"http:\/\/www.chronikajournal.com\/resources\/Chronika%20volume%208.pdf#page=7\">Chronika, Volume VIII, 1<\/a><\/p>\n\n\n<p style=\"background-color:#005bbb\" class=\"has-text-color has-background has-white-color\">Late Glacial to Holocene paleoenvironmental change on the northwestern Pacific seaboard, Kamchatka Peninsula (Russia).<br \/><br \/>Pendea, I. F., Ponomareva, V., Bourgeois, J., Zubrow, E. B., Portnyagin, M., Ponkratova, I., &#8230; &amp; Korosec, G. (2017)<br \/>Quaternary Science Reviews,&nbsp;157, 14-28.<\/p>\n\n\n<h3 class=\"wp-block-heading\" id=\"big-thaw-publish\"><a href=\"https:\/\/wpdev.acsu.buffalo.edu\/anthropologygislab\/projects\/#big-thaw-conference\">Link to Conference:<\/a> The Big Thaw<\/h3>\n\n\n<p style=\"background-color:#005bbb\" class=\"has-text-color has-background has-white-color\"><a href=\"https:\/\/www.amazon.com\/Big-Thaw-Environmental-Local-Regional-Global-Interactions-ebook\/dp\/B07XYD7RQJ\">The Big Thaw: Policy, Governance, and Climate Change in the Circumpolar North<\/a><br \/><br \/>Ezra B. W. Zubrow (Editor), Errol Meidinger (Editor), Kim Diana Connolly (Editor)<\/p>\n\n\n<p style=\"background-color:#005bbb\" class=\"has-text-color has-background has-white-color\">Letter from Greenland<br \/><br \/>Harmsen, H. (2017)<\/p>\n\n\n<p style=\"background-color:#005bbb\" class=\"has-text-color has-background has-white-color\">A full holocene tephrochronology for the Kamchatsky Peninsula region: Applications from Kamchatka to North America.<br \/><br \/>Ponomareva, V., Portnyagin, M., Pendea, I. F., Zelenin, E., Bourgeois, J., Pinegina, T., &amp; Kozhurin, A. (2017)<br \/>Quaternary Science Reviews,&nbsp;168, 101-122.<\/p>\n\n\n<p style=\"background-color:#005bbb\" class=\"has-text-color has-background has-white-color\">Human response to environmental change along the southeast coast of Sri Lanka, ca. 7000-3000 cal yrs BP<br \/><br \/>Harmsen, H. H. (2017)<br \/>Doctoral dissertation, State University of New York at Buffalo<\/p>\n\n\n<p style=\"background-color:#005bbb\" class=\"has-text-color has-background has-white-color\">Proto-Cities or Non-Proto-Cities? On the Nature of Cucuteni\u2013Trypillia Mega-Sites.<br \/><br \/>Diachenko, A., &amp; Menotti, F. (2017)<br \/>Journal of World Prehistory,&nbsp;30(3), 207-219.<\/p>\n\n\n<p style=\"background-color:#005bbb\" class=\"has-text-color has-background has-white-color\"><br \/><br \/>Harmsen, H. (2017)<br \/>THE GHOSTS OF KANGEQ.&nbsp;ARCHAEOLOGY,&nbsp;70(3), 55-+.<\/p>\n\n\n<p style=\"background-color:#005bbb\" class=\"has-text-color has-background has-white-color\">The secret to human success is being half-smart and half- social.<br \/><br \/>Costopoulos, Andre (2016)<br \/>Current Anthropology, Volume 57 (Issue 6).<\/p>\n\n\n<p style=\"background-color:#005bbb\" class=\"has-text-color has-background has-white-color\">Digital Archeology Is Here (and Has Been for a While).<br \/><br \/>Costopoulos, A (2016)<br \/>Frontiers in Digital Humanities, 3:4<\/p>\n\n\n<p style=\"background-color:#005bbb\" class=\"has-text-color has-background has-white-color\">Prehistoric human responses to volcanic tephra fall events in the Ust-Kamchatsk region, Kamchatka Peninsula (Kamchatsky Krai, Russian Federation) during the middle to late Holocene (6000\u2013500 cal BP).<br \/><br \/>Pendea, I. F., Harmsen, H., Keeler, D., Zubrow, E. B., Korosec, G., Ruhl, E., &#8230; &amp; Hulse, E. (2016)<br \/>Quaternary International,&nbsp;394, 51-68<\/p>\n\n\n<p style=\"background-color:#005bbb\" class=\"has-text-color has-background has-white-color\">Archaeological Cultural Heritage: A Consideration of Loss by Smuggling, Conflict or War.<br \/><br \/>Zubrow, E. B. (2016)<br \/>In The Artful Economist (pp. 215-226). Springer International Publishing.<\/p>\n\n\n<p style=\"background-color:#005bbb\" class=\"has-text-color has-background has-white-color\">Coastal hazards, resiliency and the coevolution of human-natural systems along the southeast coast of Sri Lanka during the Late Quaternary (c. 30,000-3000 BP): Preliminary findings of the 2013 Bundala Archaeological Survey.<br \/><br \/>Harmsen, Hans, &amp; Karunaratne, Priyantha. (2016)<br \/>In Marine Ventures International Symposium 2013: Diversity and Dynamics in the Human-Sea Relation, edited by H. B. Bjerck. Trondheim, Norway: Equinox Publishing.<\/p>\n\n\n<p style=\"background-color:#005bbb\" class=\"has-text-color has-background has-white-color\">Buildings in the settlement of the Trypillia culture in the light of daub analysis<br \/><br \/>Diachenko, A. and Harat-Strotsen, K. (2016)<br \/>In: M. Szmyt (ed.), Bia\u0142y Potok. Materials from J\u00f3zef Kostrzewski\u2019s Podolia Excavations. Poznan: Archaeological Museum in Poznan, pp. 69\u2013111.<\/p>\n\n\n<p style=\"background-color:#005bbb\" class=\"has-text-color has-background has-white-color\">Prehistoric human responses to volcanic tephra fall events in the ust-kamchatsk region, kamchatka peninsula (kamchatsky krai, russian federation) during the middle to late holocene (6000\u2013500 cal BP)<br \/><br \/>Pendea, I. F., Harmsen, H., Keeler, D., Zubrow, E. B. W., Korosec, G., Ruhl, E., . . . Hulse, E. (2016)<br \/>Quaternary International, 394, 51-68. doi:10.1016\/j.quaint.2015.07.033<\/p>\n\n\n<p style=\"background-color:#005bbb\" class=\"has-text-color has-background has-white-color\">Demographic trends and socio-economic dynamics: Some issues of correlation.<br \/><br \/>Hofmann, R., Diachenko, A., M\u00fcller, J. (2016)<\/p>\n\n\n<p style=\"background-color:#005bbb\" class=\"has-text-color has-background has-white-color\">What does the bell-distribution hide? Spatial behavior and demographic development of the Funnel Beaker culture populations in Bronocice region, Poland.<br \/><br \/>Diachenko, A., Kruk, J. and Milisauskas, S. (2016)<br \/>Sprawozdania Archaeologiczne 68: 25-37.<\/p>\n\n\n<p style=\"background-color:#005bbb\" class=\"has-text-color has-background has-white-color\">Stabilization points in carrying capacity: population growth and migrations.<br \/><br \/>Diachenko, A., &amp; Zubrow, E. B. (2015)<br \/>Journal of Neolithic Archaeology, 17, 1-15.<\/p>\n\n\n<p style=\"background-color:#005bbb\" class=\"has-text-color has-background has-white-color\">The acoustic and auditory contexts of human behavior.<br \/><br \/>Blake, E. C., Cross, I., Sim\u00f5es de Abreu, M., Kang, J., Zhang, M., Mills, S., &#8230; &amp; Cross, I. (2015)<br \/>Current Anthropology, 56(1), 000-000.<\/p>\n\n\n<p style=\"background-color:#005bbb\" class=\"has-text-color has-background has-white-color\">Agency \u2018in itself\u2019. A discussion of inanimate, animal and human agency.<br \/><br \/>Lindstr\u00f8m, T. C. (2015)<br \/>Archaeological dialogues, 22(02), 207-238.<\/p>\n\n\n<p style=\"background-color:#005bbb\" class=\"has-text-color has-background has-white-color\">Silences of sound: A prologue.<br \/><br \/>Zubrow, E. (2014)<br \/>Archaeoacoustics: The Archaeology of Sound, 7-9.<\/p>\n\n\n<p style=\"background-color:#005bbb\" class=\"has-text-color has-background has-white-color\">Elenos Pranck\u0117nait\u0117s daktaro disertacija \u201eE\u017eer\u0173 gyvenviet\u0117s Pietry\u010di\u0173 Baltijos regione ankstyvuoju metal\u0173 laikotarpiu \u201c.<br \/><br \/>\u010civilyt\u0117, A. (2013)<br \/>Lietuvos archeologija, (39), 378-382.<\/p>\n\n\n<p style=\"background-color:#005bbb\" class=\"has-text-color has-background has-white-color\">In search of a theoretical assessment of Bronze Age society in the Baltic Countries.<br \/><br \/>\u010civilyt\u0117, A. (2013)<br \/>Archaeologia Baltica, 18, 14-27.<\/p>\n\n\n<p style=\"background-color:#005bbb\" class=\"has-text-color has-background has-white-color\">Potential pitfalls of pollen dating.<br \/><br \/>Neulieb, T., Levac, E., Southon, J., Lewis, M., Pendea, I. F., &amp; Chmura, G. L. (2013)<br \/>Radiocarbon, 55(2-3), 1142-1155.<\/p>\n\n\n<p style=\"background-color:#005bbb\" class=\"has-text-color has-background has-white-color\">Time, process and structured transformation in archaeology.<br \/><br \/>McGlade, J., &amp; van der Leeuw, S. E. (2013)<br \/>(Vol. 26). Routledge.<\/p>\n\n\n<p style=\"background-color:#005bbb\" class=\"has-text-color has-background has-white-color\">CHAPTER ONE PREHISTORIC PLACE: STUDIES IN MATERIAL CULTURE, TIME AND SPACE.<br \/><br \/>Zubrow, E. B. (2013)<br \/>Place as Material Culture: Objects, Geographies and the Construction of Time, 13.<\/p>\n\n\n<p style=\"background-color:#005bbb\" class=\"has-text-color has-background has-white-color\">Early Holocene M~ 6 explosive eruption from Plosky volcanic massif (Kamchatka) and its tephra as a link between terrestrial and marine paleoenvironmental records.<br \/><br \/>Ponomareva, V., Portnyagin, M., Derkachev, A., Pendea, I. F., Bourgeois, J., Reimer, P. J., &#8230; &amp; N\u00fcrnberg, D. (2013)<br \/>International Journal of Earth Sciences, 102(6), 1673-1699.<\/p>\n\n\n<p style=\"background-color:#005bbb\" class=\"has-text-color has-background has-white-color\">Textile-making in central Tyrrhenian Italy from the final Bronze Age to the Republican period.<br \/><br \/>Lipkin, Sanna (2012)<br \/>BAR International, Series 2369.<\/p>\n\n\n<p style=\"background-color:#005bbb\" class=\"has-text-color has-background has-white-color\">Calibration of pollen assemblages and carbon\u2013nitrogen ratios to discriminate boreal wetland types.<br \/><br \/>Pendea, I. F., &amp; Chmura, G. L. (2012)<br \/>Review of Palaeobotany and Palynology, 174, 48-56.<\/p>\n\n\n<p style=\"background-color:#005bbb\" class=\"has-text-color has-background has-white-color\">A high-resolution record of carbon accumulation rates during boreal peatland initiation.<br \/><br \/>Pendea, I. F., &amp; Chmura, G. L. (2012)<br \/>Biogeosciences, 9(7), 2711-2717.<\/p>\n\n\n<p style=\"background-color:#005bbb\" class=\"has-text-color has-background has-white-color\">Paleoshorelines and prehistory on the eastern Bothnian Bay coast (Finland): local environmental variability as a trigger for social change.<br \/><br \/>Costopoulos, Andre &amp; Okkonen, Jari (2012)<br \/>Polar Geography, Volume 35 (Issue 1). 51-63.<\/p>\n\n\n<p style=\"background-color:#005bbb\" class=\"has-text-color has-background has-white-color\">The gravity model: monitoring the formation and development of the Tripolye culture giant-settlements in Ukraine.<br \/><br \/>Diachenko, A., &amp; Menotti, F. (2012)<br \/>Journal of archaeological science,&nbsp;39(8), 2810-2817.<\/p>\n\n\n<p style=\"background-color:#005bbb\" class=\"has-text-color has-background has-white-color\">DIY and digital archaeology: what are you doing to participate?.<br \/><br \/>Morgan, C., &amp; Eve, S. (2012)<br \/>World Archaeology, 44(4), 521-537.<\/p>\n\n\n<p style=\"background-color:#005bbb\" class=\"has-text-color has-background has-white-color\">\u2018I am the Walrus\u2019: Animal Identities and Merging with Animals\u2013Exceptional Experiences?.<br \/><br \/>Lindstr\u00f8m, T. C. (2012)<br \/>Norwegian archaeological review, 45(2), 151-176.<\/p>\n\n\n<p style=\"background-color:#005bbb\" class=\"has-text-color has-background has-white-color\">Caves and Spatial Constraint: The Prehistoric Implications.<br \/><br \/>Zubrow, E. B. (2012)<br \/>In Sacred Darkness: A Global Perspective on the Ritual Use of Caves (pp. 371-384). Boulder, Colorado: University Press of Colorado.<\/p>\n\n\n<p style=\"background-color:#005bbb\" class=\"has-text-color has-background has-white-color\">Matthias, Pepys, Longfellow, Sissy Spacek, and Me: Arctic Cultural Dissemination across Time and Space.<br \/><br \/>Zubrow, E. B. (2011)<br \/>Arctic Anthropology, 48(1), 1-14.<\/p>\n\n\n<p style=\"background-color:#005bbb\" class=\"has-text-color has-background has-white-color\">A preliminary report on archaeological fieldwork in the Kamchatka Region of Russia.<br \/><br \/>Hulse, E. L., Keeler, D. M., Zubrow, E. B., Korosec, G. J., Ponkratova, I. Y., &amp; Curtis, C. (2011)<br \/>Sibirica, 10(1), 48-74.<\/p>\n\n\n<p style=\"background-color:#005bbb\" class=\"has-text-color has-background has-white-color\">Paleoclimatic Reconstruction and Archaeological Investigations at Xcoch and the Puuc Region of Yucatan, Mexico: Exploratory Research into Arctic Climate Change and Maya Culture Processes.<br \/><br \/>Zubrow, E. B., Smyth, M. P., Zapata, D. O., Dunning, N. P., &amp; Weaver, E. M. (2011)<\/p>\n\n\n<p style=\"background-color:#005bbb\" class=\"has-text-color has-background has-white-color\">Why excavate? Triaging the excavation of archaeological sites.<br \/><br \/>Zubrow, E. B. (2011)<br \/>Archaeological dialogues, 18(01), 46-48.<\/p>\n\n\n<p style=\"background-color:#005bbb\" class=\"has-text-color has-background has-white-color\">Mid to late Holocene fire history of Eastern James Bay: investigating the environmental impact of early humans.<br \/><br \/>Pendea, I. F., Chmura, G. L., &amp; Costopoulos, A. (2010)<\/p>\n\n\n<p style=\"background-color:#005bbb\" class=\"has-text-color has-background has-white-color\">The animals of the arena: how and why could their destruction and death be endured and enjoyed?.<br \/><br \/>Lindstr\u00f8m, T. C. (2010)<br \/>World archaeology, 42(2), 310-323<\/p>\n\n\n<p style=\"background-color:#005bbb\" class=\"has-text-color has-background has-white-color\">Cascading Prehistoric Events.<br \/><br \/>Zubrow, E. B. (2010)<br \/>Eventful Archaeologies: New Approaches to Social Transformation in the Archaeological Record, 1, 17.<\/p>\n\n\n<p style=\"background-color:#005bbb\" class=\"has-text-color has-background has-white-color\">Secondary state formation during the early iron age on the island of Sri Lanka: The evolution of a periphery.<br \/><br \/>Karunaratne, P. P. (2010)<br \/>University of California, San Diego.<\/p>\n\n\n<p style=\"background-color:#005bbb\" class=\"has-text-color has-background has-white-color\">A new shoreline displacement model for the last 7 ka from eastern James Bay, Canada.<br \/><br \/>Pendea, I. F., Costopoulos, A., Nielsen, C., &amp; Chmura, G. L. (2010)<br \/>Quaternary Research, 73(3), 474-484.<\/p>\n\n\n<p style=\"background-color:#005bbb\" class=\"has-text-color has-background has-white-color\">Mycenaean Art: A Psychological Approach.<br \/><br \/>Lindstr\u00f8m, T. C. (2010)<br \/>European Journal of Archaeology, 13(1), 126-128. doi:10.1179\/eja.2010.13.1.126<\/p>\n\n\n<p style=\"background-color:#005bbb\" class=\"has-text-color has-background has-white-color\">The Magdalenian household: unraveling domesticity.<br \/><br \/>Zubrow, E., Audouze, F., &amp; Enloe, J. G. (Eds.). (2010)<br \/>SUNY Press.<\/p>\n\n\n<p style=\"background-color:#005bbb\" class=\"has-text-color has-background has-white-color\">Is a warrior without a weapon not a warrior? Some ideas about Bronze Age warfare in the Eastern Baltic Region.<br \/><br \/>\u010civilyt\u0117, A. (2007)<br \/>Archaeologia Baltica, 8, 39-46.<\/p>\n\n\n<p style=\"background-color:#005bbb\" class=\"has-text-color has-background has-white-color\">Zur Seltenheit metallener Waffen der Bronzezeit im Ostbaltikum.<br \/><br \/>\u010civilyt\u0117, A. (2005)<br \/>Arch\u00e4ologisches Korrespondenzblatt, 35(3), 329-344.<\/p>\n\n\n<p style=\"background-color:#005bbb\" class=\"has-text-color has-background has-white-color\">&#8216;Figure it out!&#8217; Psychological Perspectives on Perception of Migration Period Animal Art.<br \/><br \/>Lindstr\u00f8m, T. C., &amp; Kristoffersen, S. (2001)<br \/>Norwegian archaeological review, 34(2), 65-84.<\/p>\n","protected":false},"excerpt":{"rendered":"<p>The Gastrointestinal Microbiome in Chronic Renal Diseases Bryniarski M. A., Hoffman S. E. M., Yacoub R. (2020)Current Oral Health Reports, 1-9 A Possible case of Facio-Auriculo-Vertebral sequence (FAVs) in an &hellip; <a href=\"https:\/\/ubwp.buffalo.edu\/anthropologygislab\/publications\/\" class=\"more-link\">Continue reading <span class=\"screen-reader-text\">Publications<\/span> <span class=\"meta-nav\">&rarr;<\/span><\/a><\/p>\n","protected":false},"author":358,"featured_media":0,"parent":0,"menu_order":0,"comment_status":"closed","ping_status":"closed","template":"","meta":{"footnotes":""},"class_list":["post-93","page","type-page","status-publish","hentry"],"_links":{"self":[{"href":"https:\/\/ubwp.buffalo.edu\/anthropologygislab\/wp-json\/wp\/v2\/pages\/93","targetHints":{"allow":["GET"]}}],"collection":[{"href":"https:\/\/ubwp.buffalo.edu\/anthropologygislab\/wp-json\/wp\/v2\/pages"}],"about":[{"href":"https:\/\/ubwp.buffalo.edu\/anthropologygislab\/wp-json\/wp\/v2\/types\/page"}],"author":[{"embeddable":true,"href":"https:\/\/ubwp.buffalo.edu\/anthropologygislab\/wp-json\/wp\/v2\/users\/358"}],"replies":[{"embeddable":true,"href":"https:\/\/ubwp.buffalo.edu\/anthropologygislab\/wp-json\/wp\/v2\/comments?post=93"}],"version-history":[{"count":0,"href":"https:\/\/ubwp.buffalo.edu\/anthropologygislab\/wp-json\/wp\/v2\/pages\/93\/revisions"}],"wp:attachment":[{"href":"https:\/\/ubwp.buffalo.edu\/anthropologygislab\/wp-json\/wp\/v2\/media?parent=93"}],"curies":[{"name":"wp","href":"https:\/\/api.w.org\/{rel}","templated":true}]}}